{"id":28940,"date":"2022-01-05T10:28:28","date_gmt":"2022-01-05T09:28:28","guid":{"rendered":"https:\/\/webprojekt718.brentex-webprojekt.ch\/?page_id=28940"},"modified":"2025-02-18T17:45:21","modified_gmt":"2025-02-18T16:45:21","slug":"steuern","status":"publish","type":"page","link":"https:\/\/www.jfa.swiss\/pt\/dienstleistungen\/steuern\/","title":{"rendered":"Impostos"},"content":{"rendered":"<div data-elementor-type=\"wp-page\" data-elementor-id=\"28940\" class=\"elementor elementor-28940\" data-elementor-post-type=\"page\">\n\t\t\t\t\t\t<section class=\"elementor-section elementor-top-section elementor-element elementor-element-a6068e6 elementor-section-boxed elementor-section-height-default elementor-section-height-default\" data-id=\"a6068e6\" data-element_type=\"section\" data-settings=\"{&quot;_ha_eqh_enable&quot;:false}\">\n\t\t\t\t\t\t<div class=\"elementor-container elementor-column-gap-default\">\n\t\t\t\t\t<div class=\"elementor-column elementor-col-100 elementor-top-column elementor-element elementor-element-06c19ac elementor-invisible\" data-id=\"06c19ac\" data-element_type=\"column\" data-settings=\"{&quot;animation&quot;:&quot;fadeInUp&quot;,&quot;animation_delay&quot;:10}\">\n\t\t\t<div class=\"elementor-widget-wrap elementor-element-populated\">\n\t\t\t\t\t\t<div class=\"elementor-element elementor-element-e130268 elementor-widget elementor-widget-heading\" data-id=\"e130268\" data-element_type=\"widget\" data-widget_type=\"heading.default\">\n\t\t\t\t<div class=\"elementor-widget-container\">\n\t\t\t<h2 class=\"elementor-heading-title elementor-size-default\">Impostos<\/h2>\t\t<\/div>\n\t\t\t\t<\/div>\n\t\t\t\t\t<\/div>\n\t\t<\/div>\n\t\t\t\t\t<\/div>\n\t\t<\/section>\n\t\t\t\t<section class=\"elementor-section elementor-top-section elementor-element elementor-element-0ade3bd elementor-section-height-min-height elementor-section-full_width elementor-section-height-default elementor-section-items-middle elementor-invisible\" data-id=\"0ade3bd\" data-element_type=\"section\" data-settings=\"{&quot;background_background&quot;:&quot;classic&quot;,&quot;animation&quot;:&quot;fadeInUp&quot;,&quot;animation_delay&quot;:10,&quot;_ha_eqh_enable&quot;:false}\">\n\t\t\t\t\t\t<div class=\"elementor-container elementor-column-gap-default\">\n\t\t\t\t\t<div class=\"elementor-column elementor-col-100 elementor-top-column elementor-element elementor-element-657756d\" data-id=\"657756d\" data-element_type=\"column\" data-settings=\"{&quot;background_background&quot;:&quot;classic&quot;}\">\n\t\t\t<div class=\"elementor-widget-wrap elementor-element-populated\">\n\t\t\t\t\t\t\t<\/div>\n\t\t<\/div>\n\t\t\t\t\t<\/div>\n\t\t<\/section>\n\t\t\t\t<section class=\"elementor-section elementor-top-section elementor-element elementor-element-30d188f elementor-section-boxed elementor-section-height-default elementor-section-height-default\" data-id=\"30d188f\" data-element_type=\"section\" id=\"jf6\" data-settings=\"{&quot;_ha_eqh_enable&quot;:false}\">\n\t\t\t\t\t\t<div class=\"elementor-container elementor-column-gap-default\">\n\t\t\t\t\t<div class=\"elementor-column elementor-col-50 elementor-top-column elementor-element elementor-element-50ee626 elementor-hidden-mobile\" data-id=\"50ee626\" data-element_type=\"column\" data-settings=\"{&quot;motion_fx_motion_fx_scrolling&quot;:&quot;yes&quot;,&quot;motion_fx_translateY_effect&quot;:&quot;yes&quot;,&quot;motion_fx_translateY_speed&quot;:{&quot;unit&quot;:&quot;px&quot;,&quot;size&quot;:4,&quot;sizes&quot;:[]},&quot;motion_fx_translateY_affectedRange&quot;:{&quot;unit&quot;:&quot;%&quot;,&quot;size&quot;:&quot;&quot;,&quot;sizes&quot;:{&quot;start&quot;:0,&quot;end&quot;:100}},&quot;motion_fx_devices&quot;:[&quot;desktop&quot;,&quot;tablet&quot;,&quot;mobile&quot;]}\">\n\t\t\t<div class=\"elementor-widget-wrap elementor-element-populated\">\n\t\t\t\t\t\t<div class=\"elementor-element elementor-element-01df30b elementor-hidden-mobile elementor-view-default elementor-widget elementor-widget-icon\" data-id=\"01df30b\" data-element_type=\"widget\" data-widget_type=\"icon.default\">\n\t\t\t\t<div class=\"elementor-widget-container\">\n\t\t\t\t\t<div class=\"elementor-icon-wrapper\">\n\t\t\t<a class=\"elementor-icon\" href=\"#jf6\">\n\t\t\t<i aria-hidden=\"true\" class=\"icon icon-arrow-down\"><\/i>\t\t\t<\/a>\n\t\t<\/div>\n\t\t\t\t<\/div>\n\t\t\t\t<\/div>\n\t\t\t\t<div class=\"elementor-element elementor-element-7862af8 elementor-widget elementor-widget-image\" data-id=\"7862af8\" data-element_type=\"widget\" data-widget_type=\"image.default\">\n\t\t\t\t<div class=\"elementor-widget-container\">\n\t\t\t\t\t\t\t\t\t\t\t\t\t<img fetchpriority=\"high\" decoding=\"async\" width=\"768\" height=\"1024\" src=\"https:\/\/www.jfa.swiss\/wp-content\/uploads\/2022\/02\/21b_w-768x1024.jpg\" class=\"attachment-large size-large wp-image-35957\" alt=\"\" srcset=\"https:\/\/www.jfa.swiss\/wp-content\/uploads\/2022\/02\/21b_w-768x1024.jpg 768w, https:\/\/www.jfa.swiss\/wp-content\/uploads\/2022\/02\/21b_w-225x300.jpg 225w, https:\/\/www.jfa.swiss\/wp-content\/uploads\/2022\/02\/21b_w-1152x1536.jpg 1152w, https:\/\/www.jfa.swiss\/wp-content\/uploads\/2022\/02\/21b_w.jpg 1500w\" sizes=\"(max-width: 768px) 100vw, 768px\" \/>\t\t\t\t\t\t\t\t\t\t\t\t\t<\/div>\n\t\t\t\t<\/div>\n\t\t\t\t\t<\/div>\n\t\t<\/div>\n\t\t\t\t<div class=\"elementor-column elementor-col-50 elementor-top-column elementor-element elementor-element-355702a\" data-id=\"355702a\" data-element_type=\"column\">\n\t\t\t<div class=\"elementor-widget-wrap elementor-element-populated\">\n\t\t\t\t\t\t<div class=\"elementor-element elementor-element-93b1fe1 elementor-widget elementor-widget-heading\" data-id=\"93b1fe1\" data-element_type=\"widget\" data-widget_type=\"heading.default\">\n\t\t\t\t<div class=\"elementor-widget-container\">\n\t\t\t<h2 class=\"elementor-heading-title elementor-size-default\">Impostos<\/h2>\t\t<\/div>\n\t\t\t\t<\/div>\n\t\t\t\t<div class=\"elementor-element elementor-element-d0e3aa6 elementor-widget elementor-widget-text-editor\" data-id=\"d0e3aa6\" data-element_type=\"widget\" data-widget_type=\"text-editor.default\">\n\t\t\t\t<div class=\"elementor-widget-container\">\n\t\t\t\t\t\t\t<p>Com um bom preenchimento dos impostos pode poupar muito dinheiro. Temos v\u00e1rios produtos que fazem poupar nos impostos. Contacte-nos.<\/p>\t\t\t\t\t\t<\/div>\n\t\t\t\t<\/div>\n\t\t\t\t\t<\/div>\n\t\t<\/div>\n\t\t\t\t\t<\/div>\n\t\t<\/section>\n\t\t\t\t<section class=\"elementor-section elementor-top-section elementor-element elementor-element-7650a1c elementor-section-height-min-height elementor-section-boxed elementor-section-height-default elementor-section-items-middle\" data-id=\"7650a1c\" data-element_type=\"section\" data-settings=\"{&quot;background_background&quot;:&quot;classic&quot;,&quot;background_motion_fx_motion_fx_scrolling&quot;:&quot;yes&quot;,&quot;background_motion_fx_translateY_effect&quot;:&quot;yes&quot;,&quot;background_motion_fx_translateY_speed&quot;:{&quot;unit&quot;:&quot;px&quot;,&quot;size&quot;:5,&quot;sizes&quot;:[]},&quot;background_motion_fx_translateY_affectedRange&quot;:{&quot;unit&quot;:&quot;%&quot;,&quot;size&quot;:&quot;&quot;,&quot;sizes&quot;:{&quot;start&quot;:0,&quot;end&quot;:100}},&quot;background_motion_fx_devices&quot;:[&quot;desktop&quot;,&quot;tablet&quot;,&quot;mobile&quot;],&quot;_ha_eqh_enable&quot;:false}\">\n\t\t\t\t\t\t\t<div class=\"elementor-background-overlay\"><\/div>\n\t\t\t\t\t\t\t<div class=\"elementor-container elementor-column-gap-default\">\n\t\t\t\t\t<div class=\"elementor-column elementor-col-100 elementor-top-column elementor-element elementor-element-0dff6e8\" data-id=\"0dff6e8\" data-element_type=\"column\" data-settings=\"{&quot;background_background&quot;:&quot;classic&quot;}\">\n\t\t\t<div class=\"elementor-widget-wrap elementor-element-populated\">\n\t\t\t\t\t\t<div class=\"elementor-element elementor-element-81b0e5f elementor-widget elementor-widget-heading\" data-id=\"81b0e5f\" data-element_type=\"widget\" data-widget_type=\"heading.default\">\n\t\t\t\t<div class=\"elementor-widget-container\">\n\t\t\t<h2 class=\"elementor-heading-title elementor-size-default\">Para a declara\u00e7\u00e3o de rendimentos e bens:<\/h2>\t\t<\/div>\n\t\t\t\t<\/div>\n\t\t\t\t<div class=\"elementor-element elementor-element-39c6916 elementor-icon-list--layout-traditional elementor-list-item-link-full_width elementor-widget elementor-widget-icon-list\" data-id=\"39c6916\" data-element_type=\"widget\" data-widget_type=\"icon-list.default\">\n\t\t\t\t<div class=\"elementor-widget-container\">\n\t\t\t\t\t<ul class=\"elementor-icon-list-items\">\n\t\t\t\t\t\t\t<li class=\"elementor-icon-list-item\">\n\t\t\t\t\t\t\t\t\t\t<span class=\"elementor-icon-list-text\">Declara\u00e7\u00f5es salariais (para funcion\u00e1rios)<\/span>\n\t\t\t\t\t\t\t\t\t<\/li>\n\t\t\t\t\t\t\t\t<li class=\"elementor-icon-list-item\">\n\t\t\t\t\t\t\t\t\t\t<span class=\"elementor-icon-list-text\">Contabilidade (para aut\u00f4nomos)<\/span>\n\t\t\t\t\t\t\t\t\t<\/li>\n\t\t\t\t\t\t\t\t<li class=\"elementor-icon-list-item\">\n\t\t\t\t\t\t\t\t\t\t<span class=\"elementor-icon-list-text\">Recibos de pens\u00f5es (para pensionistas)<\/span>\n\t\t\t\t\t\t\t\t\t<\/li>\n\t\t\t\t\t\t\t\t<li class=\"elementor-icon-list-item\">\n\t\t\t\t\t\t\t\t\t\t<span class=\"elementor-icon-list-text\">Extratos banc\u00e1rios ou dos correios<\/span>\n\t\t\t\t\t\t\t\t\t<\/li>\n\t\t\t\t\t\t\t\t<li class=\"elementor-icon-list-item\">\n\t\t\t\t\t\t\t\t\t\t<span class=\"elementor-icon-list-text\">Documentos relativos aos t\u00edtulos<\/span>\n\t\t\t\t\t\t\t\t\t<\/li>\n\t\t\t\t\t\t<\/ul>\n\t\t\t\t<\/div>\n\t\t\t\t<\/div>\n\t\t\t\t<div class=\"elementor-element elementor-element-8007d3a elementor-widget elementor-widget-heading\" data-id=\"8007d3a\" data-element_type=\"widget\" data-widget_type=\"heading.default\">\n\t\t\t\t<div class=\"elementor-widget-container\">\n\t\t\t<h2 class=\"elementor-heading-title elementor-size-default\">Para as dedu\u00e7\u00f5es:<\/h2>\t\t<\/div>\n\t\t\t\t<\/div>\n\t\t\t\t<div class=\"elementor-element elementor-element-507f726 elementor-icon-list--layout-traditional elementor-list-item-link-full_width elementor-widget elementor-widget-icon-list\" data-id=\"507f726\" data-element_type=\"widget\" data-widget_type=\"icon-list.default\">\n\t\t\t\t<div class=\"elementor-widget-container\">\n\t\t\t\t\t<ul class=\"elementor-icon-list-items\">\n\t\t\t\t\t\t\t<li class=\"elementor-icon-list-item\">\n\t\t\t\t\t\t\t\t\t\t<span class=\"elementor-icon-list-text\">Recibos de contribui\u00e7\u00f5es para o Pilar 3a (pens\u00e3o volunt\u00e1ria)<\/span>\n\t\t\t\t\t\t\t\t\t<\/li>\n\t\t\t\t\t\t\t\t<li class=\"elementor-icon-list-item\">\n\t\t\t\t\t\t\t\t\t\t<span class=\"elementor-icon-list-text\">Gastos m\u00e9dicos<\/span>\n\t\t\t\t\t\t\t\t\t<\/li>\n\t\t\t\t\t\t\t\t<li class=\"elementor-icon-list-item\">\n\t\t\t\t\t\t\t\t\t\t<span class=\"elementor-icon-list-text\">Despesas profissionais<\/span>\n\t\t\t\t\t\t\t\t\t<\/li>\n\t\t\t\t\t\t\t\t<li class=\"elementor-icon-list-item\">\n\t\t\t\t\t\t\t\t\t\t<span class=\"elementor-icon-list-text\">Custos de treinamento e reciclagem<\/span>\n\t\t\t\t\t\t\t\t\t<\/li>\n\t\t\t\t\t\t\t\t<li class=\"elementor-icon-list-item\">\n\t\t\t\t\t\t\t\t\t\t<span class=\"elementor-icon-list-text\">Recibos de doa\u00e7\u00e3o<\/span>\n\t\t\t\t\t\t\t\t\t<\/li>\n\t\t\t\t\t\t\t\t<li class=\"elementor-icon-list-item\">\n\t\t\t\t\t\t\t\t\t\t<span class=\"elementor-icon-list-text\">Para propriet\u00e1rios: todos os documentos impostos sobre a propriedade, juros de d\u00edvidas, faturas de obras de manuten\u00e7\u00e3o e renova\u00e7\u00e3o, custos operacionais e administrativos, etc.\ufeff\ufeff<\/span>\n\t\t\t\t\t\t\t\t\t<\/li>\n\t\t\t\t\t\t<\/ul>\n\t\t\t\t<\/div>\n\t\t\t\t<\/div>\n\t\t\t\t\t<\/div>\n\t\t<\/div>\n\t\t\t\t\t<\/div>\n\t\t<\/section>\n\t\t\t\t<section class=\"elementor-section elementor-top-section elementor-element elementor-element-2f52390 elementor-hidden-desktop elementor-hidden-tablet elementor-hidden-mobile elementor-section-boxed elementor-section-height-default elementor-section-height-default\" data-id=\"2f52390\" data-element_type=\"section\" data-settings=\"{&quot;background_background&quot;:&quot;classic&quot;,&quot;_ha_eqh_enable&quot;:false}\">\n\t\t\t\t\t\t\t<div class=\"elementor-background-overlay\"><\/div>\n\t\t\t\t\t\t\t<div class=\"elementor-container elementor-column-gap-default\">\n\t\t\t\t\t<div class=\"elementor-column elementor-col-100 elementor-top-column elementor-element elementor-element-4c52e41\" data-id=\"4c52e41\" data-element_type=\"column\" data-settings=\"{&quot;background_background&quot;:&quot;classic&quot;}\">\n\t\t\t<div class=\"elementor-widget-wrap elementor-element-populated\">\n\t\t\t\t\t\t<div class=\"elementor-element elementor-element-d281896 elementor-widget elementor-widget-heading\" data-id=\"d281896\" data-element_type=\"widget\" data-widget_type=\"heading.default\">\n\t\t\t\t<div class=\"elementor-widget-container\">\n\t\t\t<h2 class=\"elementor-heading-title elementor-size-default\">Contate-Nos<\/h2>\t\t<\/div>\n\t\t\t\t<\/div>\n\t\t\t\t<div class=\"elementor-element elementor-element-17a39f1 elementor-widget elementor-widget-text-editor\" data-id=\"17a39f1\" data-element_type=\"widget\" data-widget_type=\"text-editor.default\">\n\t\t\t\t<div class=\"elementor-widget-container\">\n\t\t\t\t\t\t\t<p>N\u00e3o hesite em contatar-nos. Estaremos a seu lado com gosto.&nbsp;<\/p>\t\t\t\t\t\t<\/div>\n\t\t\t\t<\/div>\n\t\t\t\t<div class=\"elementor-element elementor-element-8f0fa69 elementor-widget elementor-widget-tp-button\" data-id=\"8f0fa69\" data-element_type=\"widget\" data-widget_type=\"tp-button.default\">\n\t\t\t\t<div class=\"elementor-widget-container\">\n\t\t\t<div class=\"pt-plus-button-wrapper   text- text--mobileleft\"><div class=\"button_parallax\" ><div id=\"button6a06f5b897bae\"  class=\"text- text--mobileleft ts-button content_hover_effect\" ><div class=\"pt_plus_button btn6a06f5b897bab button-style-5\"  ><div class=\"animted-content-inner\"><a href=\"https:\/\/www.jfa.swiss\/kontakt\/\" class=\"button-link-wrap\" role=\"button\" data-hover=\"Kontaktiere uns\"  >Contacte-nos<i class=\"btn-icon button-after fa fa-chevron-right\"><\/i><\/a><\/div><\/div><\/div><\/div><\/div>\t\t<\/div>\n\t\t\t\t<\/div>\n\t\t\t\t\t<\/div>\n\t\t<\/div>\n\t\t\t\t\t<\/div>\n\t\t<\/section>\n\t\t\t\t<\/div>","protected":false},"excerpt":{"rendered":"<p>Steuern Steuern Mit einer korrekt ausgef\u00fcllten Steuererkl\u00e4rung k\u00f6nnen Sie viel Geld sparen. Wir bieten viele Produkte an, mit denen Sie Steuern sparen k\u00f6nnen! \u200bKontaktieren Sie uns. F\u00fcr die Angabe von Einkommen und Verm\u00f6gen: Lohnausweis(e) (f\u00fcr Arbeitnehmende) Buchhaltung (f\u00fcr Selbstst\u00e4ndige) Belege f\u00fcr Renten (f\u00fcr Pensionierte u.a.) Kontoausz\u00fcge der Bank oder Post Belege zu den Wertschriften F\u00fcr [&hellip;]<\/p>","protected":false},"author":2,"featured_media":38370,"parent":28930,"menu_order":5,"comment_status":"closed","ping_status":"closed","template":"elementor_header_footer","meta":{"footnotes":""},"class_list":["post-28940","page","type-page","status-publish","has-post-thumbnail","hentry"],"yoast_head":"<!-- This site is optimized with the Yoast SEO plugin v23.2 - https:\/\/yoast.com\/wordpress\/plugins\/seo\/ -->\n<title>Steuern - JFA Azevedo AG<\/title>\n<meta name=\"description\" content=\"Mit einer korrekt ausgef\u00fcllten Steuererkl\u00e4rung k\u00f6nnen Sie viel Geld sparen. Wir bieten viele Produkte an, mit denen Sie Steuern sparen k\u00f6nnen!\" \/>\n<meta name=\"robots\" content=\"index, follow, max-snippet:-1, max-image-preview:large, max-video-preview:-1\" \/>\n<link rel=\"canonical\" href=\"https:\/\/www.jfa.swiss\/pt\/dienstleistungen\/steuern\/\" \/>\n<meta property=\"og:locale\" content=\"pt_PT\" \/>\n<meta property=\"og:type\" content=\"article\" \/>\n<meta property=\"og:title\" content=\"Steuern - JFA Azevedo AG\" \/>\n<meta property=\"og:description\" content=\"Mit einer korrekt ausgef\u00fcllten Steuererkl\u00e4rung k\u00f6nnen Sie viel Geld sparen. Wir bieten viele Produkte an, mit denen Sie Steuern sparen k\u00f6nnen!\" \/>\n<meta property=\"og:url\" content=\"https:\/\/www.jfa.swiss\/pt\/dienstleistungen\/steuern\/\" \/>\n<meta property=\"og:site_name\" content=\"JFA Azevedo AG\" \/>\n<meta property=\"article:modified_time\" content=\"2025-02-18T16:45:21+00:00\" \/>\n<meta property=\"og:image\" content=\"https:\/\/www.jfa.swiss\/wp-content\/uploads\/2022\/04\/Zeichenflache-JFA-Azevedo-AG-1024x1024-1.jpg\" \/>\n\t<meta property=\"og:image:width\" content=\"1024\" \/>\n\t<meta property=\"og:image:height\" content=\"1024\" \/>\n\t<meta property=\"og:image:type\" content=\"image\/jpeg\" \/>\n<meta name=\"twitter:card\" content=\"summary_large_image\" \/>\n<meta name=\"twitter:label1\" content=\"Tempo estimado de leitura\" \/>\n\t<meta name=\"twitter:data1\" content=\"1 minuto\" \/>\n<script type=\"application\/ld+json\" class=\"yoast-schema-graph\">{\"@context\":\"https:\/\/schema.org\",\"@graph\":[{\"@type\":\"WebPage\",\"@id\":\"https:\/\/www.jfa.swiss\/de\/dienstleistungen\/steuern\/\",\"url\":\"https:\/\/www.jfa.swiss\/de\/dienstleistungen\/steuern\/\",\"name\":\"Steuern - JFA Azevedo AG\",\"isPartOf\":{\"@id\":\"https:\/\/www.jfa.swiss\/de\/#website\"},\"primaryImageOfPage\":{\"@id\":\"https:\/\/www.jfa.swiss\/de\/dienstleistungen\/steuern\/#primaryimage\"},\"image\":{\"@id\":\"https:\/\/www.jfa.swiss\/de\/dienstleistungen\/steuern\/#primaryimage\"},\"thumbnailUrl\":\"https:\/\/www.jfa.swiss\/wp-content\/uploads\/2022\/04\/Zeichenflache-JFA-Azevedo-AG-1024x1024-1.jpg\",\"datePublished\":\"2022-01-05T09:28:28+00:00\",\"dateModified\":\"2025-02-18T16:45:21+00:00\",\"description\":\"Mit einer korrekt ausgef\u00fcllten Steuererkl\u00e4rung k\u00f6nnen Sie viel Geld sparen. Wir bieten viele Produkte an, mit denen Sie Steuern sparen k\u00f6nnen!\",\"breadcrumb\":{\"@id\":\"https:\/\/www.jfa.swiss\/de\/dienstleistungen\/steuern\/#breadcrumb\"},\"inLanguage\":\"pt-PT\",\"potentialAction\":[{\"@type\":\"ReadAction\",\"target\":[\"https:\/\/www.jfa.swiss\/de\/dienstleistungen\/steuern\/\"]}]},{\"@type\":\"ImageObject\",\"inLanguage\":\"pt-PT\",\"@id\":\"https:\/\/www.jfa.swiss\/de\/dienstleistungen\/steuern\/#primaryimage\",\"url\":\"https:\/\/www.jfa.swiss\/wp-content\/uploads\/2022\/04\/Zeichenflache-JFA-Azevedo-AG-1024x1024-1.jpg\",\"contentUrl\":\"https:\/\/www.jfa.swiss\/wp-content\/uploads\/2022\/04\/Zeichenflache-JFA-Azevedo-AG-1024x1024-1.jpg\",\"width\":1024,\"height\":1024},{\"@type\":\"BreadcrumbList\",\"@id\":\"https:\/\/www.jfa.swiss\/de\/dienstleistungen\/steuern\/#breadcrumb\",\"itemListElement\":[{\"@type\":\"ListItem\",\"position\":1,\"name\":\"Home\",\"item\":\"https:\/\/www.jfa.swiss\/\"},{\"@type\":\"ListItem\",\"position\":2,\"name\":\"Dienstleistungen\",\"item\":\"https:\/\/www.jfa.swiss\/de\/dienstleistungen\/\"},{\"@type\":\"ListItem\",\"position\":3,\"name\":\"Steuern\"}]},{\"@type\":\"WebSite\",\"@id\":\"https:\/\/www.jfa.swiss\/de\/#website\",\"url\":\"https:\/\/www.jfa.swiss\/de\/\",\"name\":\"JFA Azevedo AG\",\"description\":\"\",\"inLanguage\":\"pt-PT\"}]}<\/script>\n<!-- \/ Yoast SEO plugin. -->","yoast_head_json":{"title":"Steuern - JFA Azevedo AG","description":"Mit einer korrekt ausgef\u00fcllten Steuererkl\u00e4rung k\u00f6nnen Sie viel Geld sparen. Wir bieten viele Produkte an, mit denen Sie Steuern sparen k\u00f6nnen!","robots":{"index":"index","follow":"follow","max-snippet":"max-snippet:-1","max-image-preview":"max-image-preview:large","max-video-preview":"max-video-preview:-1"},"canonical":"https:\/\/www.jfa.swiss\/pt\/dienstleistungen\/steuern\/","og_locale":"pt_PT","og_type":"article","og_title":"Steuern - JFA Azevedo AG","og_description":"Mit einer korrekt ausgef\u00fcllten Steuererkl\u00e4rung k\u00f6nnen Sie viel Geld sparen. Wir bieten viele Produkte an, mit denen Sie Steuern sparen k\u00f6nnen!","og_url":"https:\/\/www.jfa.swiss\/pt\/dienstleistungen\/steuern\/","og_site_name":"JFA Azevedo AG","article_modified_time":"2025-02-18T16:45:21+00:00","og_image":[{"width":1024,"height":1024,"url":"https:\/\/www.jfa.swiss\/wp-content\/uploads\/2022\/04\/Zeichenflache-JFA-Azevedo-AG-1024x1024-1.jpg","type":"image\/jpeg"}],"twitter_card":"summary_large_image","twitter_misc":{"Tempo estimado de leitura":"1 minuto"},"schema":{"@context":"https:\/\/schema.org","@graph":[{"@type":"WebPage","@id":"https:\/\/www.jfa.swiss\/de\/dienstleistungen\/steuern\/","url":"https:\/\/www.jfa.swiss\/de\/dienstleistungen\/steuern\/","name":"Steuern - JFA Azevedo AG","isPartOf":{"@id":"https:\/\/www.jfa.swiss\/de\/#website"},"primaryImageOfPage":{"@id":"https:\/\/www.jfa.swiss\/de\/dienstleistungen\/steuern\/#primaryimage"},"image":{"@id":"https:\/\/www.jfa.swiss\/de\/dienstleistungen\/steuern\/#primaryimage"},"thumbnailUrl":"https:\/\/www.jfa.swiss\/wp-content\/uploads\/2022\/04\/Zeichenflache-JFA-Azevedo-AG-1024x1024-1.jpg","datePublished":"2022-01-05T09:28:28+00:00","dateModified":"2025-02-18T16:45:21+00:00","description":"Mit einer korrekt ausgef\u00fcllten Steuererkl\u00e4rung k\u00f6nnen Sie viel Geld sparen. Wir bieten viele Produkte an, mit denen Sie Steuern sparen k\u00f6nnen!","breadcrumb":{"@id":"https:\/\/www.jfa.swiss\/de\/dienstleistungen\/steuern\/#breadcrumb"},"inLanguage":"pt-PT","potentialAction":[{"@type":"ReadAction","target":["https:\/\/www.jfa.swiss\/de\/dienstleistungen\/steuern\/"]}]},{"@type":"ImageObject","inLanguage":"pt-PT","@id":"https:\/\/www.jfa.swiss\/de\/dienstleistungen\/steuern\/#primaryimage","url":"https:\/\/www.jfa.swiss\/wp-content\/uploads\/2022\/04\/Zeichenflache-JFA-Azevedo-AG-1024x1024-1.jpg","contentUrl":"https:\/\/www.jfa.swiss\/wp-content\/uploads\/2022\/04\/Zeichenflache-JFA-Azevedo-AG-1024x1024-1.jpg","width":1024,"height":1024},{"@type":"BreadcrumbList","@id":"https:\/\/www.jfa.swiss\/de\/dienstleistungen\/steuern\/#breadcrumb","itemListElement":[{"@type":"ListItem","position":1,"name":"Home","item":"https:\/\/www.jfa.swiss\/"},{"@type":"ListItem","position":2,"name":"Dienstleistungen","item":"https:\/\/www.jfa.swiss\/de\/dienstleistungen\/"},{"@type":"ListItem","position":3,"name":"Steuern"}]},{"@type":"WebSite","@id":"https:\/\/www.jfa.swiss\/de\/#website","url":"https:\/\/www.jfa.swiss\/de\/","name":"JFA Azevedo AG","description":"","inLanguage":"pt-PT"}]}},"_links":{"self":[{"href":"https:\/\/www.jfa.swiss\/pt\/wp-json\/wp\/v2\/pages\/28940"}],"collection":[{"href":"https:\/\/www.jfa.swiss\/pt\/wp-json\/wp\/v2\/pages"}],"about":[{"href":"https:\/\/www.jfa.swiss\/pt\/wp-json\/wp\/v2\/types\/page"}],"author":[{"embeddable":true,"href":"https:\/\/www.jfa.swiss\/pt\/wp-json\/wp\/v2\/users\/2"}],"replies":[{"embeddable":true,"href":"https:\/\/www.jfa.swiss\/pt\/wp-json\/wp\/v2\/comments?post=28940"}],"version-history":[{"count":267,"href":"https:\/\/www.jfa.swiss\/pt\/wp-json\/wp\/v2\/pages\/28940\/revisions"}],"predecessor-version":[{"id":39699,"href":"https:\/\/www.jfa.swiss\/pt\/wp-json\/wp\/v2\/pages\/28940\/revisions\/39699"}],"up":[{"embeddable":true,"href":"https:\/\/www.jfa.swiss\/pt\/wp-json\/wp\/v2\/pages\/28930"}],"wp:featuredmedia":[{"embeddable":true,"href":"https:\/\/www.jfa.swiss\/pt\/wp-json\/wp\/v2\/media\/38370"}],"wp:attachment":[{"href":"https:\/\/www.jfa.swiss\/pt\/wp-json\/wp\/v2\/media?parent=28940"}],"curies":[{"name":"wp","href":"https:\/\/api.w.org\/{rel}","templated":true}]}}