{"id":28873,"date":"2020-10-14T14:47:37","date_gmt":"2020-10-14T12:47:37","guid":{"rendered":"https:\/\/webprojekt718.brentex-webprojekt.ch\/?page_id=28873"},"modified":"2023-03-15T13:19:55","modified_gmt":"2023-03-15T12:19:55","slug":"datenschutz","status":"publish","type":"page","link":"https:\/\/www.jfa.swiss\/pt\/datenschutz\/","title":{"rendered":"Prote\u00e7\u00e3o de dados"},"content":{"rendered":"<div data-elementor-type=\"wp-page\" data-elementor-id=\"28873\" class=\"elementor elementor-28873\" data-elementor-post-type=\"page\">\n\t\t\t\t\t\t<section class=\"elementor-section elementor-top-section elementor-element elementor-element-61443cc elementor-section-boxed elementor-section-height-default elementor-section-height-default\" data-id=\"61443cc\" data-element_type=\"section\" data-settings=\"{&quot;_ha_eqh_enable&quot;:false}\">\n\t\t\t\t\t\t<div class=\"elementor-container elementor-column-gap-default\">\n\t\t\t\t\t<div class=\"elementor-column elementor-col-100 elementor-top-column elementor-element elementor-element-cb38ee0\" data-id=\"cb38ee0\" data-element_type=\"column\">\n\t\t\t<div class=\"elementor-widget-wrap elementor-element-populated\">\n\t\t\t\t\t\t<div class=\"elementor-element elementor-element-5978e5e elementor-widget elementor-widget-heading\" data-id=\"5978e5e\" data-element_type=\"widget\" data-widget_type=\"heading.default\">\n\t\t\t\t<div class=\"elementor-widget-container\">\n\t\t\t<h1 class=\"elementor-heading-title elementor-size-default\">Prote\u00e7\u00e3o de dados<\/h1>\t\t<\/div>\n\t\t\t\t<\/div>\n\t\t\t\t<div class=\"elementor-element elementor-element-07fba52 elementor-widget elementor-widget-heading\" data-id=\"07fba52\" data-element_type=\"widget\" data-widget_type=\"heading.default\">\n\t\t\t\t<div class=\"elementor-widget-container\">\n\t\t\t<h3 class=\"elementor-heading-title elementor-size-default\">Informa\u00e7\u00e3o geral<\/h3>\t\t<\/div>\n\t\t\t\t<\/div>\n\t\t\t\t<div class=\"elementor-element elementor-element-83d23db elementor-widget elementor-widget-text-editor\" data-id=\"83d23db\" data-element_type=\"widget\" data-widget_type=\"text-editor.default\">\n\t\t\t\t<div class=\"elementor-widget-container\">\n\t\t\t\t\t\t\t<p>A prote\u00e7\u00e3o dos seus dados \u00e9 muito importante para n\u00f3s. Portanto, tratamos os seus dados, que nos envia voluntariamente atrav\u00e9s do nosso formul\u00e1rio de contacto, de forma confidencial. Os seus dados ser\u00e3o utilizados apenas para os fins do seu pedido e n\u00e3o ser\u00e3o transmitidos a terceiros. Se voc\u00ea solicitar informa\u00e7\u00f5es, bloquear ou excluir seus dados iremos cumprir isso, se permitido por lei.<\/p>\t\t\t\t\t\t<\/div>\n\t\t\t\t<\/div>\n\t\t\t\t<div class=\"elementor-element elementor-element-ccbba03 elementor-widget elementor-widget-heading\" data-id=\"ccbba03\" data-element_type=\"widget\" data-widget_type=\"heading.default\">\n\t\t\t\t<div class=\"elementor-widget-container\">\n\t\t\t<h3 class=\"elementor-heading-title elementor-size-default\">Cookies<\/h3>\t\t<\/div>\n\t\t\t\t<\/div>\n\t\t\t\t<div class=\"elementor-element elementor-element-cb85ba0 elementor-widget elementor-widget-text-editor\" data-id=\"cb85ba0\" data-element_type=\"widget\" data-widget_type=\"text-editor.default\">\n\t\t\t\t<div class=\"elementor-widget-container\">\n\t\t\t\t\t\t\t<p>A nossa p\u00e1gina usa os chamados cookies. Cookies s\u00e3o pequenos arquivos de dados que s\u00e3o armazenados no seu portador e tornam sua visita ao nossa p\u00e1gina mais eficiente. Os cookies n\u00e3o s\u00e3o prejudiciais ao seu disco.<\/p><p>A maioria dos cookies, os chamados cookies de sess\u00e3o, s\u00e3o exclu\u00eddos automaticamente no final de sua visita ao nossa p\u00e1gina. A quest\u00e3o \u00e9 que voc\u00ea n\u00e3o precisa repetir as mesmas entradas. Outros cookies n\u00e3o s\u00e3o exclu\u00eddos automaticamente, mas voc\u00ea mesmo pode exclu\u00ed-los. O objetivo deles \u00e9 reconhec\u00ea-lo em sua pr\u00f3xima visita ao nossa p\u00e1gina. Voc\u00ea tamb\u00e9m pode desativar os cookies de maneira geral.<\/p>\t\t\t\t\t\t<\/div>\n\t\t\t\t<\/div>\n\t\t\t\t<div class=\"elementor-element elementor-element-587ae9e elementor-widget elementor-widget-heading\" data-id=\"587ae9e\" data-element_type=\"widget\" data-widget_type=\"heading.default\">\n\t\t\t\t<div class=\"elementor-widget-container\">\n\t\t\t<h3 class=\"elementor-heading-title elementor-size-default\">Google Analytics<\/h3>\t\t<\/div>\n\t\t\t\t<\/div>\n\t\t\t\t<div class=\"elementor-element elementor-element-7f8e80c elementor-widget elementor-widget-text-editor\" data-id=\"7f8e80c\" data-element_type=\"widget\" data-widget_type=\"text-editor.default\">\n\t\t\t\t<div class=\"elementor-widget-container\">\n\t\t\t\t\t\t\t<p>Nossa p\u00e1gina usa o \"Google Analytics\", um servi\u00e7o oferecido pela Google Inc. para analisar o uso da p\u00e1gina. Os cookies s\u00e3o usados para enviar, avaliar e salvar informa\u00e7\u00f5es do seu dispositivo para um servidor do Google nos EUA. \u00c9 poss\u00edvel que o Google transfira essas informa\u00e7\u00f5es para terceiros.<\/p><p>Se desejar obter mais informa\u00e7\u00f5es sobre a coleta de dados pelo Google Analytics, siga este link:<br \/><strong><span style=\"color: #000000;\"><a style=\"color: #000000;\" href=\"https:\/\/support.google.com\/analytics\/answer\/6004245?hl=de\" target=\"_blank\" rel=\"noopener\">Clique aqui<\/a><\/span><\/strong><\/p><p>Ao instalar o seguinte plug- in, voc\u00ea pode impedir a coleta e o armazenamento de seus dados por cookies e o envio desses dados ao Google:<br \/><strong><span style=\"color: #000000;\"><a style=\"color: #000000;\" href=\"https:\/\/tools.google.com\/dlpage\/gaoptout?hl=de.\" target=\"_blank\" rel=\"noopener\">Clique aqui<\/a><\/span><\/strong><\/p>\t\t\t\t\t\t<\/div>\n\t\t\t\t<\/div>\n\t\t\t\t<div class=\"elementor-element elementor-element-a03ae70 elementor-widget elementor-widget-heading\" data-id=\"a03ae70\" data-element_type=\"widget\" data-widget_type=\"heading.default\">\n\t\t\t\t<div class=\"elementor-widget-container\">\n\t\t\t<h3 class=\"elementor-heading-title elementor-size-default\">Pixel do Facebook<\/h3>\t\t<\/div>\n\t\t\t\t<\/div>\n\t\t\t\t<div class=\"elementor-element elementor-element-52bba0f elementor-widget elementor-widget-text-editor\" data-id=\"52bba0f\" data-element_type=\"widget\" data-widget_type=\"text-editor.default\">\n\t\t\t\t<div class=\"elementor-widget-container\">\n\t\t\t\t\t\t\t<p>Este site usa o \"Facebook Pixel\", um c\u00f3digo emitido pela plataforma de m\u00eddia social \"Facebook\" (empresa Facebook Ireland Ltd., 4 Grand Canal Square, Grand Canal Harbour, Dublin 2 Ireland ) com o objetivo de campanhas publicit\u00e1rias mais eficientes.<\/p><p>O c\u00f3digo implementado nesta p\u00e1gina utiliza cookies para avaliar o comportamento dos visitantes do nossa p\u00e1gina que aqui chegaram atrav\u00e9s de um an\u00fancio no Facebook. Os dados coletados s\u00e3o armazenados pelo Facebook, mas n\u00e3o podemos v\u00ea-los e s\u00f3 podem ser usados no \u00e2mbito da publicidade no pr\u00f3prio Facebook.<\/p><p>Saiba como os pixels do Facebook s\u00e3o usados para campanhas publicit\u00e1rias:<br \/><strong><span style=\"color: #000000;\"><a style=\"color: #000000;\" href=\"https:\/\/www.facebook.com\/business\/learn\/facebook-ads-pixel\" target=\"_blank\" rel=\"noopener\">Clique aqui<\/a><\/span><\/strong><\/p><p>Altere suas configura\u00e7\u00f5es para an\u00fancios no Facebook (se voc\u00ea tiver uma conta no Facebook e estiver conectado):<br \/><strong><span style=\"color: #000000;\"><a style=\"color: #000000;\" href=\"https:\/\/www.facebook.com\/login.php?next=https%3A%2F%2Fwww.facebook.com%2Fads%2Fpreferences%2F%3Fentry_product%3Dad_settings_screen\" target=\"_blank\" rel=\"noopener\">Clique aqui<\/a><\/span><\/strong><\/p><p>Mais informa\u00e7\u00f5es sobre a pol\u00edtica de dados do Facebook:<br \/><strong><span style=\"color: #000000;\"><a style=\"color: #000000;\" href=\"https:\/\/www.facebook.com\/policy.php\" target=\"_blank\" rel=\"noopener\">Clique aqui<\/a><\/span><\/strong><\/p>\t\t\t\t\t\t<\/div>\n\t\t\t\t<\/div>\n\t\t\t\t<div class=\"elementor-element elementor-element-c1df73a elementor-widget elementor-widget-heading\" data-id=\"c1df73a\" data-element_type=\"widget\" data-widget_type=\"heading.default\">\n\t\t\t\t<div class=\"elementor-widget-container\">\n\t\t\t<h3 class=\"elementor-heading-title elementor-size-default\">Google Maps<\/h3>\t\t<\/div>\n\t\t\t\t<\/div>\n\t\t\t\t<div class=\"elementor-element elementor-element-ae877b4 elementor-widget elementor-widget-text-editor\" data-id=\"ae877b4\" data-element_type=\"widget\" data-widget_type=\"text-editor.default\">\n\t\t\t\t<div class=\"elementor-widget-container\">\n\t\t\t\t\t\t\t<p>Usamos o \u201cGoogle Maps \u201d da \u201cGoogle Inc \u201d na nossa p\u00e1gina.<\/p><p>Se voc\u00ea usar a nossa p\u00e1gina, concorda com a coleta, processamento e uso dos dados coletados automaticamente pelo Google Inc., seus representantes e terceiros.<\/p><p>Voc\u00ea pode encontrar os termos de uso do Google Maps aqui:<br \/><strong><span style=\"color: #000000;\"><a style=\"color: #000000;\" href=\"https:\/\/www.google.com\/intl\/de_de\/help\/terms_maps\/\" target=\"_blank\" rel=\"noopener\">Clique aqui<\/a><\/span><\/strong><\/p>\t\t\t\t\t\t<\/div>\n\t\t\t\t<\/div>\n\t\t\t\t<div class=\"elementor-element elementor-element-f8fafab elementor-widget elementor-widget-heading\" data-id=\"f8fafab\" data-element_type=\"widget\" data-widget_type=\"heading.default\">\n\t\t\t\t<div class=\"elementor-widget-container\">\n\t\t\t<h3 class=\"elementor-heading-title elementor-size-default\">Arquivos de log do servidor<\/h3>\t\t<\/div>\n\t\t\t\t<\/div>\n\t\t\t\t<div class=\"elementor-element elementor-element-a3332e6 elementor-widget elementor-widget-text-editor\" data-id=\"a3332e6\" data-element_type=\"widget\" data-widget_type=\"text-editor.default\">\n\t\t\t\t<div class=\"elementor-widget-container\">\n\t\t\t\t\t\t\t<p>O seu navegador transmite-nos automaticamente informa\u00e7\u00f5es de natureza geral (arquivos de log do servidor). Essas informa\u00e7\u00f5es seriam, por exemplo:<\/p><ul><li>Tipo e vers\u00e3o do navegador<\/li><li>URL referenciador<\/li><li>Sistema operacional<\/li><li>Hora do pedido\u00a0<\/li><li>Endere\u00e7o de IP<\/li><\/ul><p>N\u00e3o usamos os seus dados para tirar conclus\u00f5es sobre si. Em vez disso, o objetivo dos arquivos de log do servidor \u00e9 otimizar nossa p\u00e1gina.<\/p>\t\t\t\t\t\t<\/div>\n\t\t\t\t<\/div>\n\t\t\t\t<div class=\"elementor-element elementor-element-1bbaf1d elementor-widget elementor-widget-heading\" data-id=\"1bbaf1d\" data-element_type=\"widget\" data-widget_type=\"heading.default\">\n\t\t\t\t<div class=\"elementor-widget-container\">\n\t\t\t<h3 class=\"elementor-heading-title elementor-size-default\">Contate-Nos<\/h3>\t\t<\/div>\n\t\t\t\t<\/div>\n\t\t\t\t<div class=\"elementor-element elementor-element-e9c6fa0 elementor-widget elementor-widget-text-editor\" data-id=\"e9c6fa0\" data-element_type=\"widget\" data-widget_type=\"text-editor.default\">\n\t\t\t\t<div class=\"elementor-widget-container\">\n\t\t\t\t\t\t\t<p class=\" translation-block\">Se tiver alguma d\u00favida ou quiser obter informa\u00e7\u00f5es, bloqueio ou exclus\u00e3o de seus dados, pode entrar em contato com o endere\u00e7o fornecido no aviso legal.<\/p>\t\t\t\t\t\t<\/div>\n\t\t\t\t<\/div>\n\t\t\t\t\t<\/div>\n\t\t<\/div>\n\t\t\t\t\t<\/div>\n\t\t<\/section>\n\t\t\t\t<\/div>","protected":false},"excerpt":{"rendered":"<p>Datenschutz Allgemeine Informationen Uns ist der Schutz Ihrer Daten ein grosses Anliegen. Daher behandeln wir Ihre&nbsp;Daten, welche Sie uns freiwillig \u00fcber unser Kontaktformular senden, vertraulich.&nbsp;Ihre Daten werden nur im Sinne Ihrer Anfrage genutzt und nicht an Dritte&nbsp;weitergegeben. Sollten Sie Auskunft, Sperrung oder L\u00f6schung \u00fcber Ihre Daten&nbsp;bei uns verlangen, werden wir dem, falls gesetzlich erlaubt, nachkommen. [&hellip;]<\/p>","protected":false},"author":2,"featured_media":38370,"parent":0,"menu_order":6,"comment_status":"closed","ping_status":"closed","template":"elementor_header_footer","meta":{"footnotes":""},"class_list":["post-28873","page","type-page","status-publish","has-post-thumbnail","hentry"],"yoast_head":"<!-- This site is optimized with the Yoast SEO plugin v23.2 - https:\/\/yoast.com\/wordpress\/plugins\/seo\/ -->\n<title>Datenschutz - JFA Azevedo AG<\/title>\n<meta name=\"description\" content=\"Uns ist der Schutz Ihrer Daten ein grosses Anliegen. Daher behandeln wir Ihre Daten, welche Sie uns freiwillig \u00fcber unser Kontaktformular...\" \/>\n<meta name=\"robots\" content=\"index, follow, max-snippet:-1, max-image-preview:large, max-video-preview:-1\" \/>\n<link rel=\"canonical\" href=\"https:\/\/www.jfa.swiss\/pt\/datenschutz\/\" \/>\n<meta property=\"og:locale\" content=\"pt_PT\" \/>\n<meta property=\"og:type\" content=\"article\" \/>\n<meta property=\"og:title\" content=\"Datenschutz - JFA Azevedo AG\" \/>\n<meta property=\"og:description\" content=\"Uns ist der Schutz Ihrer Daten ein grosses Anliegen. Daher behandeln wir Ihre Daten, welche Sie uns freiwillig \u00fcber unser Kontaktformular...\" \/>\n<meta property=\"og:url\" content=\"https:\/\/www.jfa.swiss\/pt\/datenschutz\/\" \/>\n<meta property=\"og:site_name\" content=\"JFA Azevedo AG\" \/>\n<meta property=\"article:modified_time\" content=\"2023-03-15T12:19:55+00:00\" \/>\n<meta property=\"og:image\" content=\"https:\/\/www.jfa.swiss\/wp-content\/uploads\/2022\/04\/Zeichenflache-JFA-Azevedo-AG-1024x1024-1.jpg\" \/>\n\t<meta property=\"og:image:width\" content=\"1024\" \/>\n\t<meta property=\"og:image:height\" content=\"1024\" \/>\n\t<meta property=\"og:image:type\" content=\"image\/jpeg\" \/>\n<meta name=\"twitter:card\" content=\"summary_large_image\" \/>\n<meta name=\"twitter:label1\" content=\"Tempo estimado de leitura\" \/>\n\t<meta name=\"twitter:data1\" content=\"3 minutos\" \/>\n<script type=\"application\/ld+json\" class=\"yoast-schema-graph\">{\"@context\":\"https:\/\/schema.org\",\"@graph\":[{\"@type\":\"WebPage\",\"@id\":\"https:\/\/www.jfa.swiss\/de\/datenschutz\/\",\"url\":\"https:\/\/www.jfa.swiss\/de\/datenschutz\/\",\"name\":\"Datenschutz - JFA Azevedo AG\",\"isPartOf\":{\"@id\":\"https:\/\/www.jfa.swiss\/de\/#website\"},\"primaryImageOfPage\":{\"@id\":\"https:\/\/www.jfa.swiss\/de\/datenschutz\/#primaryimage\"},\"image\":{\"@id\":\"https:\/\/www.jfa.swiss\/de\/datenschutz\/#primaryimage\"},\"thumbnailUrl\":\"https:\/\/www.jfa.swiss\/wp-content\/uploads\/2022\/04\/Zeichenflache-JFA-Azevedo-AG-1024x1024-1.jpg\",\"datePublished\":\"2020-10-14T12:47:37+00:00\",\"dateModified\":\"2023-03-15T12:19:55+00:00\",\"description\":\"Uns ist der Schutz Ihrer Daten ein grosses Anliegen. Daher behandeln wir Ihre Daten, welche Sie uns freiwillig \u00fcber unser Kontaktformular...\",\"breadcrumb\":{\"@id\":\"https:\/\/www.jfa.swiss\/de\/datenschutz\/#breadcrumb\"},\"inLanguage\":\"pt-PT\",\"potentialAction\":[{\"@type\":\"ReadAction\",\"target\":[\"https:\/\/www.jfa.swiss\/de\/datenschutz\/\"]}]},{\"@type\":\"ImageObject\",\"inLanguage\":\"pt-PT\",\"@id\":\"https:\/\/www.jfa.swiss\/de\/datenschutz\/#primaryimage\",\"url\":\"https:\/\/www.jfa.swiss\/wp-content\/uploads\/2022\/04\/Zeichenflache-JFA-Azevedo-AG-1024x1024-1.jpg\",\"contentUrl\":\"https:\/\/www.jfa.swiss\/wp-content\/uploads\/2022\/04\/Zeichenflache-JFA-Azevedo-AG-1024x1024-1.jpg\",\"width\":1024,\"height\":1024},{\"@type\":\"BreadcrumbList\",\"@id\":\"https:\/\/www.jfa.swiss\/de\/datenschutz\/#breadcrumb\",\"itemListElement\":[{\"@type\":\"ListItem\",\"position\":1,\"name\":\"Home\",\"item\":\"https:\/\/www.jfa.swiss\/\"},{\"@type\":\"ListItem\",\"position\":2,\"name\":\"Datenschutz\"}]},{\"@type\":\"WebSite\",\"@id\":\"https:\/\/www.jfa.swiss\/de\/#website\",\"url\":\"https:\/\/www.jfa.swiss\/de\/\",\"name\":\"JFA Azevedo AG\",\"description\":\"\",\"inLanguage\":\"pt-PT\"}]}<\/script>\n<!-- \/ Yoast SEO plugin. -->","yoast_head_json":{"title":"Datenschutz - JFA Azevedo AG","description":"Uns ist der Schutz Ihrer Daten ein grosses Anliegen. Daher behandeln wir Ihre Daten, welche Sie uns freiwillig \u00fcber unser Kontaktformular...","robots":{"index":"index","follow":"follow","max-snippet":"max-snippet:-1","max-image-preview":"max-image-preview:large","max-video-preview":"max-video-preview:-1"},"canonical":"https:\/\/www.jfa.swiss\/pt\/datenschutz\/","og_locale":"pt_PT","og_type":"article","og_title":"Datenschutz - JFA Azevedo AG","og_description":"Uns ist der Schutz Ihrer Daten ein grosses Anliegen. Daher behandeln wir Ihre Daten, welche Sie uns freiwillig \u00fcber unser Kontaktformular...","og_url":"https:\/\/www.jfa.swiss\/pt\/datenschutz\/","og_site_name":"JFA Azevedo AG","article_modified_time":"2023-03-15T12:19:55+00:00","og_image":[{"width":1024,"height":1024,"url":"https:\/\/www.jfa.swiss\/wp-content\/uploads\/2022\/04\/Zeichenflache-JFA-Azevedo-AG-1024x1024-1.jpg","type":"image\/jpeg"}],"twitter_card":"summary_large_image","twitter_misc":{"Tempo estimado de leitura":"3 minutos"},"schema":{"@context":"https:\/\/schema.org","@graph":[{"@type":"WebPage","@id":"https:\/\/www.jfa.swiss\/de\/datenschutz\/","url":"https:\/\/www.jfa.swiss\/de\/datenschutz\/","name":"Datenschutz - JFA Azevedo AG","isPartOf":{"@id":"https:\/\/www.jfa.swiss\/de\/#website"},"primaryImageOfPage":{"@id":"https:\/\/www.jfa.swiss\/de\/datenschutz\/#primaryimage"},"image":{"@id":"https:\/\/www.jfa.swiss\/de\/datenschutz\/#primaryimage"},"thumbnailUrl":"https:\/\/www.jfa.swiss\/wp-content\/uploads\/2022\/04\/Zeichenflache-JFA-Azevedo-AG-1024x1024-1.jpg","datePublished":"2020-10-14T12:47:37+00:00","dateModified":"2023-03-15T12:19:55+00:00","description":"Uns ist der Schutz Ihrer Daten ein grosses Anliegen. Daher behandeln wir Ihre Daten, welche Sie uns freiwillig \u00fcber unser Kontaktformular...","breadcrumb":{"@id":"https:\/\/www.jfa.swiss\/de\/datenschutz\/#breadcrumb"},"inLanguage":"pt-PT","potentialAction":[{"@type":"ReadAction","target":["https:\/\/www.jfa.swiss\/de\/datenschutz\/"]}]},{"@type":"ImageObject","inLanguage":"pt-PT","@id":"https:\/\/www.jfa.swiss\/de\/datenschutz\/#primaryimage","url":"https:\/\/www.jfa.swiss\/wp-content\/uploads\/2022\/04\/Zeichenflache-JFA-Azevedo-AG-1024x1024-1.jpg","contentUrl":"https:\/\/www.jfa.swiss\/wp-content\/uploads\/2022\/04\/Zeichenflache-JFA-Azevedo-AG-1024x1024-1.jpg","width":1024,"height":1024},{"@type":"BreadcrumbList","@id":"https:\/\/www.jfa.swiss\/de\/datenschutz\/#breadcrumb","itemListElement":[{"@type":"ListItem","position":1,"name":"Home","item":"https:\/\/www.jfa.swiss\/"},{"@type":"ListItem","position":2,"name":"Datenschutz"}]},{"@type":"WebSite","@id":"https:\/\/www.jfa.swiss\/de\/#website","url":"https:\/\/www.jfa.swiss\/de\/","name":"JFA Azevedo AG","description":"","inLanguage":"pt-PT"}]}},"_links":{"self":[{"href":"https:\/\/www.jfa.swiss\/pt\/wp-json\/wp\/v2\/pages\/28873"}],"collection":[{"href":"https:\/\/www.jfa.swiss\/pt\/wp-json\/wp\/v2\/pages"}],"about":[{"href":"https:\/\/www.jfa.swiss\/pt\/wp-json\/wp\/v2\/types\/page"}],"author":[{"embeddable":true,"href":"https:\/\/www.jfa.swiss\/pt\/wp-json\/wp\/v2\/users\/2"}],"replies":[{"embeddable":true,"href":"https:\/\/www.jfa.swiss\/pt\/wp-json\/wp\/v2\/comments?post=28873"}],"version-history":[{"count":57,"href":"https:\/\/www.jfa.swiss\/pt\/wp-json\/wp\/v2\/pages\/28873\/revisions"}],"predecessor-version":[{"id":38384,"href":"https:\/\/www.jfa.swiss\/pt\/wp-json\/wp\/v2\/pages\/28873\/revisions\/38384"}],"wp:featuredmedia":[{"embeddable":true,"href":"https:\/\/www.jfa.swiss\/pt\/wp-json\/wp\/v2\/media\/38370"}],"wp:attachment":[{"href":"https:\/\/www.jfa.swiss\/pt\/wp-json\/wp\/v2\/media?parent=28873"}],"curies":[{"name":"wp","href":"https:\/\/api.w.org\/{rel}","templated":true}]}}