{"id":28942,"date":"2022-01-05T10:28:50","date_gmt":"2022-01-05T09:28:50","guid":{"rendered":"https:\/\/webprojekt718.brentex-webprojekt.ch\/?page_id=28942"},"modified":"2023-03-15T13:15:02","modified_gmt":"2023-03-15T12:15:02","slug":"recht","status":"publish","type":"page","link":"https:\/\/www.jfa.swiss\/de\/dienstleistungen\/recht\/","title":{"rendered":"Recht"},"content":{"rendered":"\t\t<div data-elementor-type=\"wp-page\" data-elementor-id=\"28942\" class=\"elementor elementor-28942\" data-elementor-post-type=\"page\">\n\t\t\t\t\t\t<section class=\"elementor-section elementor-top-section elementor-element elementor-element-9afd3cb elementor-section-boxed elementor-section-height-default elementor-section-height-default\" data-id=\"9afd3cb\" data-element_type=\"section\" data-settings=\"{&quot;_ha_eqh_enable&quot;:false}\">\n\t\t\t\t\t\t<div class=\"elementor-container elementor-column-gap-default\">\n\t\t\t\t\t<div class=\"elementor-column elementor-col-100 elementor-top-column elementor-element elementor-element-97d6275 elementor-invisible\" data-id=\"97d6275\" data-element_type=\"column\" data-settings=\"{&quot;animation&quot;:&quot;fadeInUp&quot;,&quot;animation_delay&quot;:10}\">\n\t\t\t<div class=\"elementor-widget-wrap elementor-element-populated\">\n\t\t\t\t\t\t<div class=\"elementor-element elementor-element-29b3584 elementor-widget elementor-widget-heading\" data-id=\"29b3584\" data-element_type=\"widget\" data-widget_type=\"heading.default\">\n\t\t\t\t<div class=\"elementor-widget-container\">\n\t\t\t<h2 class=\"elementor-heading-title elementor-size-default\">Recht<\/h2>\t\t<\/div>\n\t\t\t\t<\/div>\n\t\t\t\t\t<\/div>\n\t\t<\/div>\n\t\t\t\t\t<\/div>\n\t\t<\/section>\n\t\t\t\t<section class=\"elementor-section elementor-top-section elementor-element elementor-element-104088f elementor-section-height-min-height elementor-section-full_width elementor-section-height-default elementor-section-items-middle elementor-invisible\" data-id=\"104088f\" data-element_type=\"section\" data-settings=\"{&quot;background_background&quot;:&quot;classic&quot;,&quot;animation&quot;:&quot;fadeInUp&quot;,&quot;animation_delay&quot;:10,&quot;_ha_eqh_enable&quot;:false}\">\n\t\t\t\t\t\t<div class=\"elementor-container elementor-column-gap-default\">\n\t\t\t\t\t<div class=\"elementor-column elementor-col-100 elementor-top-column elementor-element elementor-element-4add183\" data-id=\"4add183\" data-element_type=\"column\" data-settings=\"{&quot;background_background&quot;:&quot;classic&quot;}\">\n\t\t\t<div class=\"elementor-widget-wrap elementor-element-populated\">\n\t\t\t\t\t\t\t<\/div>\n\t\t<\/div>\n\t\t\t\t\t<\/div>\n\t\t<\/section>\n\t\t\t\t<section class=\"elementor-section elementor-top-section elementor-element elementor-element-26b8ddc elementor-section-boxed elementor-section-height-default elementor-section-height-default\" data-id=\"26b8ddc\" data-element_type=\"section\" id=\"jf7\" data-settings=\"{&quot;_ha_eqh_enable&quot;:false}\">\n\t\t\t\t\t\t<div class=\"elementor-container elementor-column-gap-default\">\n\t\t\t\t\t<div class=\"elementor-column elementor-col-50 elementor-top-column elementor-element elementor-element-2d1f99d elementor-hidden-mobile\" data-id=\"2d1f99d\" data-element_type=\"column\" data-settings=\"{&quot;motion_fx_motion_fx_scrolling&quot;:&quot;yes&quot;,&quot;motion_fx_translateY_effect&quot;:&quot;yes&quot;,&quot;motion_fx_translateY_speed&quot;:{&quot;unit&quot;:&quot;px&quot;,&quot;size&quot;:4,&quot;sizes&quot;:[]},&quot;motion_fx_translateY_affectedRange&quot;:{&quot;unit&quot;:&quot;%&quot;,&quot;size&quot;:&quot;&quot;,&quot;sizes&quot;:{&quot;start&quot;:0,&quot;end&quot;:100}},&quot;motion_fx_devices&quot;:[&quot;desktop&quot;,&quot;tablet&quot;,&quot;mobile&quot;]}\">\n\t\t\t<div class=\"elementor-widget-wrap elementor-element-populated\">\n\t\t\t\t\t\t<div class=\"elementor-element elementor-element-fe5301f elementor-hidden-mobile elementor-view-default elementor-widget elementor-widget-icon\" data-id=\"fe5301f\" data-element_type=\"widget\" data-widget_type=\"icon.default\">\n\t\t\t\t<div class=\"elementor-widget-container\">\n\t\t\t\t\t<div class=\"elementor-icon-wrapper\">\n\t\t\t<a class=\"elementor-icon\" href=\"#jf7\">\n\t\t\t<i aria-hidden=\"true\" class=\"icon icon-arrow-down\"><\/i>\t\t\t<\/a>\n\t\t<\/div>\n\t\t\t\t<\/div>\n\t\t\t\t<\/div>\n\t\t\t\t<div class=\"elementor-element elementor-element-a3fdd38 elementor-widget elementor-widget-image\" data-id=\"a3fdd38\" data-element_type=\"widget\" data-widget_type=\"image.default\">\n\t\t\t\t<div class=\"elementor-widget-container\">\n\t\t\t\t\t\t\t\t\t\t\t\t\t<img fetchpriority=\"high\" decoding=\"async\" width=\"768\" height=\"1024\" src=\"https:\/\/www.jfa.swiss\/wp-content\/uploads\/2022\/02\/3b_w-768x1024.jpg\" class=\"attachment-large size-large wp-image-35961\" alt=\"\" srcset=\"https:\/\/www.jfa.swiss\/wp-content\/uploads\/2022\/02\/3b_w-768x1024.jpg 768w, https:\/\/www.jfa.swiss\/wp-content\/uploads\/2022\/02\/3b_w-225x300.jpg 225w, https:\/\/www.jfa.swiss\/wp-content\/uploads\/2022\/02\/3b_w-1152x1536.jpg 1152w, https:\/\/www.jfa.swiss\/wp-content\/uploads\/2022\/02\/3b_w.jpg 1500w\" sizes=\"(max-width: 768px) 100vw, 768px\" \/>\t\t\t\t\t\t\t\t\t\t\t\t\t<\/div>\n\t\t\t\t<\/div>\n\t\t\t\t\t<\/div>\n\t\t<\/div>\n\t\t\t\t<div class=\"elementor-column elementor-col-50 elementor-top-column elementor-element elementor-element-d082f9b\" data-id=\"d082f9b\" data-element_type=\"column\">\n\t\t\t<div class=\"elementor-widget-wrap elementor-element-populated\">\n\t\t\t\t\t\t<div class=\"elementor-element elementor-element-3c93eba elementor-widget elementor-widget-heading\" data-id=\"3c93eba\" data-element_type=\"widget\" data-widget_type=\"heading.default\">\n\t\t\t\t<div class=\"elementor-widget-container\">\n\t\t\t<h2 class=\"elementor-heading-title elementor-size-default\">Recht<\/h2>\t\t<\/div>\n\t\t\t\t<\/div>\n\t\t\t\t<div class=\"elementor-element elementor-element-d6f56c5 elementor-widget elementor-widget-heading\" data-id=\"d6f56c5\" data-element_type=\"widget\" data-widget_type=\"heading.default\">\n\t\t\t\t<div class=\"elementor-widget-container\">\n\t\t\t<h2 class=\"elementor-heading-title elementor-size-default\">Rechtsschutzversicherung<\/h2>\t\t<\/div>\n\t\t\t\t<\/div>\n\t\t\t\t<div class=\"elementor-element elementor-element-35a9ca6 elementor-widget elementor-widget-text-editor\" data-id=\"35a9ca6\" data-element_type=\"widget\" data-widget_type=\"text-editor.default\">\n\t\t\t\t<div class=\"elementor-widget-container\">\n\t\t\t\t\t\t\t<p>Sind Sie in einem Rechtsstreit verwickelt?<br \/>Haben Sie Sch\u00e4den und Verluste durch Dritte erlitten?<br \/>Sind Sie ein Angestellter und stehen im Konflikt mit Ihrem Arbeitgeber?<br \/>Sind Sie geb\u00fcsst worden und mit dem Entscheid oder Bussenbetrag nicht einverstanden? Etc. etc. etc\u2026<br \/>Leider leben wir in einer Zeit, in der das Bed\u00fcrfnis, sich hinsichtlich Ungerechtigkeiten sch\u00fctzen zu m\u00fcssen, jedes Mal gr\u00f6sser wird.<br \/>Nicht immer bekommt derjenige Recht, der Recht hat\u2026<br \/>Sch\u00fctzen Sie sich und Ihre Familie. Informieren Sie sich bei der JFA Azevedo AG, wir haben L\u00f6sungen zu fairen Preisen.<\/p>\t\t\t\t\t\t<\/div>\n\t\t\t\t<\/div>\n\t\t\t\t\t<\/div>\n\t\t<\/div>\n\t\t\t\t\t<\/div>\n\t\t<\/section>\n\t\t\t\t<section class=\"elementor-section elementor-top-section elementor-element elementor-element-855d431 elementor-section-boxed elementor-section-height-default elementor-section-height-default\" data-id=\"855d431\" data-element_type=\"section\" data-settings=\"{&quot;background_background&quot;:&quot;classic&quot;,&quot;_ha_eqh_enable&quot;:false}\">\n\t\t\t\t\t\t\t<div class=\"elementor-background-overlay\"><\/div>\n\t\t\t\t\t\t\t<div class=\"elementor-container elementor-column-gap-default\">\n\t\t\t\t\t<div class=\"elementor-column elementor-col-100 elementor-top-column elementor-element elementor-element-23adf50\" data-id=\"23adf50\" data-element_type=\"column\" data-settings=\"{&quot;background_background&quot;:&quot;classic&quot;}\">\n\t\t\t<div class=\"elementor-widget-wrap elementor-element-populated\">\n\t\t\t\t\t\t<div class=\"elementor-element elementor-element-133c8d6 elementor-widget elementor-widget-heading\" data-id=\"133c8d6\" data-element_type=\"widget\" data-widget_type=\"heading.default\">\n\t\t\t\t<div class=\"elementor-widget-container\">\n\t\t\t<h2 class=\"elementor-heading-title elementor-size-default\">Kontaktieren Sie uns<\/h2>\t\t<\/div>\n\t\t\t\t<\/div>\n\t\t\t\t<div class=\"elementor-element elementor-element-1786424 elementor-widget elementor-widget-text-editor\" data-id=\"1786424\" data-element_type=\"widget\" data-widget_type=\"text-editor.default\">\n\t\t\t\t<div class=\"elementor-widget-container\">\n\t\t\t\t\t\t\t<p>Haben Sie noch Fragen oder w\u00fcnschen Sie eine Beratung? Wir stehen Ihnen gerne zur Seite.&nbsp;<\/p>\t\t\t\t\t\t<\/div>\n\t\t\t\t<\/div>\n\t\t\t\t<div class=\"elementor-element elementor-element-0a91901 elementor-widget elementor-widget-tp-button\" data-id=\"0a91901\" data-element_type=\"widget\" data-widget_type=\"tp-button.default\">\n\t\t\t\t<div class=\"elementor-widget-container\">\n\t\t\t<div class=\"pt-plus-button-wrapper   text- text--mobileleft   \"><div class=\"button_parallax   \" ><div id=\"button69d279942b035\"  class=\" text- text--mobileleft ts-button content_hover_effect   \" ><div class=\"pt_plus_button btn69d279942b033 button-style-5   \"  ><div class=\"animted-content-inner \"><a href=\"https:\/\/www.jfa.swiss\/kontakt\/\" class=\"button-link-wrap\" role=\"button\" data-hover=\"Kontaktiere uns\"  >Kontaktiere uns<i class=\"btn-icon button-after fa fa-chevron-right\"><\/i><\/a><\/div><\/div><\/div><\/div><\/div>\t\t<\/div>\n\t\t\t\t<\/div>\n\t\t\t\t\t<\/div>\n\t\t<\/div>\n\t\t\t\t\t<\/div>\n\t\t<\/section>\n\t\t\t\t<\/div>\n\t\t","protected":false},"excerpt":{"rendered":"<p>Recht Recht Rechtsschutzversicherung Sind Sie in einem Rechtsstreit verwickelt? Haben Sie Sch\u00e4den und Verluste durch Dritte erlitten? Sind Sie ein Angestellter und stehen im Konflikt mit Ihrem Arbeitgeber? Sind Sie geb\u00fcsst worden und mit dem Entscheid oder Bussenbetrag nicht einverstanden? Etc. etc. etc\u2026 Leider leben wir in einer Zeit, in der das Bed\u00fcrfnis, sich hinsichtlich [&hellip;]<\/p>\n","protected":false},"author":2,"featured_media":38370,"parent":28930,"menu_order":6,"comment_status":"closed","ping_status":"closed","template":"elementor_header_footer","meta":{"footnotes":""},"class_list":["post-28942","page","type-page","status-publish","has-post-thumbnail","hentry"],"yoast_head":"<!-- This site is optimized with the Yoast SEO plugin v23.2 - https:\/\/yoast.com\/wordpress\/plugins\/seo\/ -->\n<title>Recht - JFA Azevedo AG<\/title>\n<meta name=\"description\" content=\"Sind Sie in einem Rechtsstreit verwickelt?Haben Sie Sch\u00e4den und Verluste durch Dritte erlitten? Sind Sie ein Angestellter und stehen im...\" \/>\n<meta name=\"robots\" content=\"index, follow, max-snippet:-1, max-image-preview:large, max-video-preview:-1\" \/>\n<link rel=\"canonical\" href=\"https:\/\/www.jfa.swiss\/de\/dienstleistungen\/recht\/\" \/>\n<meta property=\"og:locale\" content=\"de_DE\" \/>\n<meta property=\"og:type\" content=\"article\" \/>\n<meta property=\"og:title\" content=\"Recht - JFA Azevedo AG\" \/>\n<meta property=\"og:description\" content=\"Sind Sie in einem Rechtsstreit verwickelt?Haben Sie Sch\u00e4den und Verluste durch Dritte erlitten? Sind Sie ein Angestellter und stehen im...\" \/>\n<meta property=\"og:url\" content=\"https:\/\/www.jfa.swiss\/de\/dienstleistungen\/recht\/\" \/>\n<meta property=\"og:site_name\" content=\"JFA Azevedo AG\" \/>\n<meta property=\"article:modified_time\" content=\"2023-03-15T12:15:02+00:00\" \/>\n<meta property=\"og:image\" content=\"https:\/\/www.jfa.swiss\/wp-content\/uploads\/2022\/04\/Zeichenflache-JFA-Azevedo-AG-1024x1024-1.jpg\" \/>\n\t<meta property=\"og:image:width\" content=\"1024\" \/>\n\t<meta property=\"og:image:height\" content=\"1024\" \/>\n\t<meta property=\"og:image:type\" content=\"image\/jpeg\" \/>\n<meta name=\"twitter:card\" content=\"summary_large_image\" \/>\n<meta name=\"twitter:label1\" content=\"Gesch\u00e4tzte Lesezeit\" \/>\n\t<meta name=\"twitter:data1\" content=\"1 Minute\" \/>\n<script type=\"application\/ld+json\" class=\"yoast-schema-graph\">{\"@context\":\"https:\/\/schema.org\",\"@graph\":[{\"@type\":\"WebPage\",\"@id\":\"https:\/\/www.jfa.swiss\/de\/dienstleistungen\/recht\/\",\"url\":\"https:\/\/www.jfa.swiss\/de\/dienstleistungen\/recht\/\",\"name\":\"Recht - JFA Azevedo AG\",\"isPartOf\":{\"@id\":\"https:\/\/www.jfa.swiss\/de\/#website\"},\"primaryImageOfPage\":{\"@id\":\"https:\/\/www.jfa.swiss\/de\/dienstleistungen\/recht\/#primaryimage\"},\"image\":{\"@id\":\"https:\/\/www.jfa.swiss\/de\/dienstleistungen\/recht\/#primaryimage\"},\"thumbnailUrl\":\"https:\/\/www.jfa.swiss\/wp-content\/uploads\/2022\/04\/Zeichenflache-JFA-Azevedo-AG-1024x1024-1.jpg\",\"datePublished\":\"2022-01-05T09:28:50+00:00\",\"dateModified\":\"2023-03-15T12:15:02+00:00\",\"description\":\"Sind Sie in einem Rechtsstreit verwickelt?Haben Sie Sch\u00e4den und Verluste durch Dritte erlitten? Sind Sie ein Angestellter und stehen im...\",\"breadcrumb\":{\"@id\":\"https:\/\/www.jfa.swiss\/de\/dienstleistungen\/recht\/#breadcrumb\"},\"inLanguage\":\"de-CH\",\"potentialAction\":[{\"@type\":\"ReadAction\",\"target\":[\"https:\/\/www.jfa.swiss\/de\/dienstleistungen\/recht\/\"]}]},{\"@type\":\"ImageObject\",\"inLanguage\":\"de-CH\",\"@id\":\"https:\/\/www.jfa.swiss\/de\/dienstleistungen\/recht\/#primaryimage\",\"url\":\"https:\/\/www.jfa.swiss\/wp-content\/uploads\/2022\/04\/Zeichenflache-JFA-Azevedo-AG-1024x1024-1.jpg\",\"contentUrl\":\"https:\/\/www.jfa.swiss\/wp-content\/uploads\/2022\/04\/Zeichenflache-JFA-Azevedo-AG-1024x1024-1.jpg\",\"width\":1024,\"height\":1024},{\"@type\":\"BreadcrumbList\",\"@id\":\"https:\/\/www.jfa.swiss\/de\/dienstleistungen\/recht\/#breadcrumb\",\"itemListElement\":[{\"@type\":\"ListItem\",\"position\":1,\"name\":\"Home\",\"item\":\"https:\/\/www.jfa.swiss\/\"},{\"@type\":\"ListItem\",\"position\":2,\"name\":\"Dienstleistungen\",\"item\":\"https:\/\/www.jfa.swiss\/de\/dienstleistungen\/\"},{\"@type\":\"ListItem\",\"position\":3,\"name\":\"Recht\"}]},{\"@type\":\"WebSite\",\"@id\":\"https:\/\/www.jfa.swiss\/de\/#website\",\"url\":\"https:\/\/www.jfa.swiss\/de\/\",\"name\":\"JFA Azevedo AG\",\"description\":\"\",\"inLanguage\":\"de-CH\"}]}<\/script>\n<!-- \/ Yoast SEO plugin. -->","yoast_head_json":{"title":"Recht - JFA Azevedo AG","description":"Sind Sie in einem Rechtsstreit verwickelt?Haben Sie Sch\u00e4den und Verluste durch Dritte erlitten? Sind Sie ein Angestellter und stehen im...","robots":{"index":"index","follow":"follow","max-snippet":"max-snippet:-1","max-image-preview":"max-image-preview:large","max-video-preview":"max-video-preview:-1"},"canonical":"https:\/\/www.jfa.swiss\/de\/dienstleistungen\/recht\/","og_locale":"de_DE","og_type":"article","og_title":"Recht - JFA Azevedo AG","og_description":"Sind Sie in einem Rechtsstreit verwickelt?Haben Sie Sch\u00e4den und Verluste durch Dritte erlitten? Sind Sie ein Angestellter und stehen im...","og_url":"https:\/\/www.jfa.swiss\/de\/dienstleistungen\/recht\/","og_site_name":"JFA Azevedo AG","article_modified_time":"2023-03-15T12:15:02+00:00","og_image":[{"width":1024,"height":1024,"url":"https:\/\/www.jfa.swiss\/wp-content\/uploads\/2022\/04\/Zeichenflache-JFA-Azevedo-AG-1024x1024-1.jpg","type":"image\/jpeg"}],"twitter_card":"summary_large_image","twitter_misc":{"Gesch\u00e4tzte Lesezeit":"1 Minute"},"schema":{"@context":"https:\/\/schema.org","@graph":[{"@type":"WebPage","@id":"https:\/\/www.jfa.swiss\/de\/dienstleistungen\/recht\/","url":"https:\/\/www.jfa.swiss\/de\/dienstleistungen\/recht\/","name":"Recht - JFA Azevedo AG","isPartOf":{"@id":"https:\/\/www.jfa.swiss\/de\/#website"},"primaryImageOfPage":{"@id":"https:\/\/www.jfa.swiss\/de\/dienstleistungen\/recht\/#primaryimage"},"image":{"@id":"https:\/\/www.jfa.swiss\/de\/dienstleistungen\/recht\/#primaryimage"},"thumbnailUrl":"https:\/\/www.jfa.swiss\/wp-content\/uploads\/2022\/04\/Zeichenflache-JFA-Azevedo-AG-1024x1024-1.jpg","datePublished":"2022-01-05T09:28:50+00:00","dateModified":"2023-03-15T12:15:02+00:00","description":"Sind Sie in einem Rechtsstreit verwickelt?Haben Sie Sch\u00e4den und Verluste durch Dritte erlitten? Sind Sie ein Angestellter und stehen im...","breadcrumb":{"@id":"https:\/\/www.jfa.swiss\/de\/dienstleistungen\/recht\/#breadcrumb"},"inLanguage":"de-CH","potentialAction":[{"@type":"ReadAction","target":["https:\/\/www.jfa.swiss\/de\/dienstleistungen\/recht\/"]}]},{"@type":"ImageObject","inLanguage":"de-CH","@id":"https:\/\/www.jfa.swiss\/de\/dienstleistungen\/recht\/#primaryimage","url":"https:\/\/www.jfa.swiss\/wp-content\/uploads\/2022\/04\/Zeichenflache-JFA-Azevedo-AG-1024x1024-1.jpg","contentUrl":"https:\/\/www.jfa.swiss\/wp-content\/uploads\/2022\/04\/Zeichenflache-JFA-Azevedo-AG-1024x1024-1.jpg","width":1024,"height":1024},{"@type":"BreadcrumbList","@id":"https:\/\/www.jfa.swiss\/de\/dienstleistungen\/recht\/#breadcrumb","itemListElement":[{"@type":"ListItem","position":1,"name":"Home","item":"https:\/\/www.jfa.swiss\/"},{"@type":"ListItem","position":2,"name":"Dienstleistungen","item":"https:\/\/www.jfa.swiss\/de\/dienstleistungen\/"},{"@type":"ListItem","position":3,"name":"Recht"}]},{"@type":"WebSite","@id":"https:\/\/www.jfa.swiss\/de\/#website","url":"https:\/\/www.jfa.swiss\/de\/","name":"JFA Azevedo AG","description":"","inLanguage":"de-CH"}]}},"_links":{"self":[{"href":"https:\/\/www.jfa.swiss\/de\/wp-json\/wp\/v2\/pages\/28942"}],"collection":[{"href":"https:\/\/www.jfa.swiss\/de\/wp-json\/wp\/v2\/pages"}],"about":[{"href":"https:\/\/www.jfa.swiss\/de\/wp-json\/wp\/v2\/types\/page"}],"author":[{"embeddable":true,"href":"https:\/\/www.jfa.swiss\/de\/wp-json\/wp\/v2\/users\/2"}],"replies":[{"embeddable":true,"href":"https:\/\/www.jfa.swiss\/de\/wp-json\/wp\/v2\/comments?post=28942"}],"version-history":[{"count":245,"href":"https:\/\/www.jfa.swiss\/de\/wp-json\/wp\/v2\/pages\/28942\/revisions"}],"predecessor-version":[{"id":38380,"href":"https:\/\/www.jfa.swiss\/de\/wp-json\/wp\/v2\/pages\/28942\/revisions\/38380"}],"up":[{"embeddable":true,"href":"https:\/\/www.jfa.swiss\/de\/wp-json\/wp\/v2\/pages\/28930"}],"wp:featuredmedia":[{"embeddable":true,"href":"https:\/\/www.jfa.swiss\/de\/wp-json\/wp\/v2\/media\/38370"}],"wp:attachment":[{"href":"https:\/\/www.jfa.swiss\/de\/wp-json\/wp\/v2\/media?parent=28942"}],"curies":[{"name":"wp","href":"https:\/\/api.w.org\/{rel}","templated":true}]}}