{"id":28938,"date":"2022-01-05T10:28:02","date_gmt":"2022-01-05T09:28:02","guid":{"rendered":"https:\/\/webprojekt718.brentex-webprojekt.ch\/?page_id=28938"},"modified":"2023-03-15T13:14:40","modified_gmt":"2023-03-15T12:14:40","slug":"ubersetzungen","status":"publish","type":"page","link":"https:\/\/www.jfa.swiss\/de\/dienstleistungen\/ubersetzungen\/","title":{"rendered":"\u00dcbersetzungen"},"content":{"rendered":"\t\t<div data-elementor-type=\"wp-page\" data-elementor-id=\"28938\" class=\"elementor elementor-28938\" data-elementor-post-type=\"page\">\n\t\t\t\t\t\t<section class=\"elementor-section elementor-top-section elementor-element elementor-element-f97e847 elementor-section-boxed elementor-section-height-default elementor-section-height-default\" data-id=\"f97e847\" data-element_type=\"section\" data-settings=\"{&quot;_ha_eqh_enable&quot;:false}\">\n\t\t\t\t\t\t<div class=\"elementor-container elementor-column-gap-default\">\n\t\t\t\t\t<div class=\"elementor-column elementor-col-100 elementor-top-column elementor-element elementor-element-db042ce elementor-invisible\" data-id=\"db042ce\" data-element_type=\"column\" data-settings=\"{&quot;animation&quot;:&quot;fadeInUp&quot;,&quot;animation_delay&quot;:10}\">\n\t\t\t<div class=\"elementor-widget-wrap elementor-element-populated\">\n\t\t\t\t\t\t<div class=\"elementor-element elementor-element-6980c29 elementor-widget elementor-widget-heading\" data-id=\"6980c29\" data-element_type=\"widget\" data-widget_type=\"heading.default\">\n\t\t\t\t<div class=\"elementor-widget-container\">\n\t\t\t<h2 class=\"elementor-heading-title elementor-size-default\">\u00dcbersetzungen<\/h2>\t\t<\/div>\n\t\t\t\t<\/div>\n\t\t\t\t\t<\/div>\n\t\t<\/div>\n\t\t\t\t\t<\/div>\n\t\t<\/section>\n\t\t\t\t<section class=\"elementor-section elementor-top-section elementor-element elementor-element-61718f7 elementor-section-height-min-height elementor-section-full_width elementor-section-height-default elementor-section-items-middle elementor-invisible\" data-id=\"61718f7\" data-element_type=\"section\" data-settings=\"{&quot;background_background&quot;:&quot;classic&quot;,&quot;animation&quot;:&quot;fadeInUp&quot;,&quot;animation_delay&quot;:10,&quot;_ha_eqh_enable&quot;:false}\">\n\t\t\t\t\t\t<div class=\"elementor-container elementor-column-gap-default\">\n\t\t\t\t\t<div class=\"elementor-column elementor-col-100 elementor-top-column elementor-element elementor-element-3b67a1d\" data-id=\"3b67a1d\" data-element_type=\"column\" data-settings=\"{&quot;background_background&quot;:&quot;classic&quot;}\">\n\t\t\t<div class=\"elementor-widget-wrap elementor-element-populated\">\n\t\t\t\t\t\t\t<\/div>\n\t\t<\/div>\n\t\t\t\t\t<\/div>\n\t\t<\/section>\n\t\t\t\t<section class=\"elementor-section elementor-top-section elementor-element elementor-element-88346ac elementor-section-boxed elementor-section-height-default elementor-section-height-default\" data-id=\"88346ac\" data-element_type=\"section\" id=\"jf5\" data-settings=\"{&quot;_ha_eqh_enable&quot;:false}\">\n\t\t\t\t\t\t<div class=\"elementor-container elementor-column-gap-default\">\n\t\t\t\t\t<div class=\"elementor-column elementor-col-50 elementor-top-column elementor-element elementor-element-2d20feb elementor-hidden-mobile\" data-id=\"2d20feb\" data-element_type=\"column\" data-settings=\"{&quot;motion_fx_motion_fx_scrolling&quot;:&quot;yes&quot;,&quot;motion_fx_translateY_effect&quot;:&quot;yes&quot;,&quot;motion_fx_translateY_speed&quot;:{&quot;unit&quot;:&quot;px&quot;,&quot;size&quot;:4,&quot;sizes&quot;:[]},&quot;motion_fx_translateY_affectedRange&quot;:{&quot;unit&quot;:&quot;%&quot;,&quot;size&quot;:&quot;&quot;,&quot;sizes&quot;:{&quot;start&quot;:0,&quot;end&quot;:100}},&quot;motion_fx_devices&quot;:[&quot;desktop&quot;,&quot;tablet&quot;,&quot;mobile&quot;]}\">\n\t\t\t<div class=\"elementor-widget-wrap elementor-element-populated\">\n\t\t\t\t\t\t<div class=\"elementor-element elementor-element-8559ce5 elementor-hidden-mobile elementor-view-default elementor-widget elementor-widget-icon\" data-id=\"8559ce5\" data-element_type=\"widget\" data-widget_type=\"icon.default\">\n\t\t\t\t<div class=\"elementor-widget-container\">\n\t\t\t\t\t<div class=\"elementor-icon-wrapper\">\n\t\t\t<a class=\"elementor-icon\" href=\"#jf5\">\n\t\t\t<i aria-hidden=\"true\" class=\"icon icon-arrow-down\"><\/i>\t\t\t<\/a>\n\t\t<\/div>\n\t\t\t\t<\/div>\n\t\t\t\t<\/div>\n\t\t\t\t<div class=\"elementor-element elementor-element-3658311 elementor-widget elementor-widget-image\" data-id=\"3658311\" data-element_type=\"widget\" data-widget_type=\"image.default\">\n\t\t\t\t<div class=\"elementor-widget-container\">\n\t\t\t\t\t\t\t\t\t\t\t\t\t<img fetchpriority=\"high\" decoding=\"async\" width=\"768\" height=\"1024\" src=\"https:\/\/www.jfa.swiss\/wp-content\/uploads\/2022\/02\/22b_w-768x1024.jpg\" class=\"attachment-large size-large wp-image-35953\" alt=\"\" srcset=\"https:\/\/www.jfa.swiss\/wp-content\/uploads\/2022\/02\/22b_w-768x1024.jpg 768w, https:\/\/www.jfa.swiss\/wp-content\/uploads\/2022\/02\/22b_w-225x300.jpg 225w, https:\/\/www.jfa.swiss\/wp-content\/uploads\/2022\/02\/22b_w-1152x1536.jpg 1152w, https:\/\/www.jfa.swiss\/wp-content\/uploads\/2022\/02\/22b_w.jpg 1500w\" sizes=\"(max-width: 768px) 100vw, 768px\" \/>\t\t\t\t\t\t\t\t\t\t\t\t\t<\/div>\n\t\t\t\t<\/div>\n\t\t\t\t\t<\/div>\n\t\t<\/div>\n\t\t\t\t<div class=\"elementor-column elementor-col-50 elementor-top-column elementor-element elementor-element-4fc6edd\" data-id=\"4fc6edd\" data-element_type=\"column\">\n\t\t\t<div class=\"elementor-widget-wrap elementor-element-populated\">\n\t\t\t\t\t\t<div class=\"elementor-element elementor-element-97be34b elementor-widget elementor-widget-heading\" data-id=\"97be34b\" data-element_type=\"widget\" data-widget_type=\"heading.default\">\n\t\t\t\t<div class=\"elementor-widget-container\">\n\t\t\t<h2 class=\"elementor-heading-title elementor-size-default\">\u00dcbersetzungen<\/h2>\t\t<\/div>\n\t\t\t\t<\/div>\n\t\t\t\t<div class=\"elementor-element elementor-element-ca17d77 elementor-widget elementor-widget-text-editor\" data-id=\"ca17d77\" data-element_type=\"widget\" data-widget_type=\"text-editor.default\">\n\t\t\t\t<div class=\"elementor-widget-container\">\n\t\t\t\t\t\t\t<p>Die deutsche Sprache ist zweifellos eine der gr\u00f6ssten H\u00fcrden f\u00fcr die meisten unserer Landsleute, \u00a0wenn sie mit diversen Situationen konfrontiert werden, sei es im rechtlichen Bereich oder in einem anderen. Die JFA Azevedo AG hilft, diese H\u00fcrde zu \u00fcberwinden. \u00a0Unser Unternehmen verf\u00fcgt \u00fcber Dolmetscher, die von den Beh\u00f6rden in der Schweiz anerkannt sind.<\/p><p>Wir k\u00f6nnen Ihnen helfen!\u00a0<span style=\"color: var( --e-global-color-text ); font-family: var( --e-global-typography-text-font-family );\">Wie?<\/span><\/p><p>Wir bieten die individuelle Begleitung von einem Dolmetscher an, und zwar u.a. bei Gericht, zu Rechtsanw\u00e4lten, medizinischen Untersuchungen, Versicherungsgesellschaften, Notariaten und sind Ihnen bei Ihrer Unternehmensgr\u00fcndung behilflich.<\/p><p><b>Die JFA Azevedo AG ist eine Firma mit Qualit\u00e4t und Perfektion in der Deutschschweiz.<\/b><\/p>\t\t\t\t\t\t<\/div>\n\t\t\t\t<\/div>\n\t\t\t\t\t<\/div>\n\t\t<\/div>\n\t\t\t\t\t<\/div>\n\t\t<\/section>\n\t\t\t\t<section class=\"elementor-section elementor-top-section elementor-element elementor-element-60a103c elementor-section-boxed elementor-section-height-default elementor-section-height-default\" data-id=\"60a103c\" data-element_type=\"section\" data-settings=\"{&quot;background_background&quot;:&quot;classic&quot;,&quot;_ha_eqh_enable&quot;:false}\">\n\t\t\t\t\t\t\t<div class=\"elementor-background-overlay\"><\/div>\n\t\t\t\t\t\t\t<div class=\"elementor-container elementor-column-gap-default\">\n\t\t\t\t\t<div class=\"elementor-column elementor-col-100 elementor-top-column elementor-element elementor-element-64f83d9\" data-id=\"64f83d9\" data-element_type=\"column\" data-settings=\"{&quot;background_background&quot;:&quot;classic&quot;}\">\n\t\t\t<div class=\"elementor-widget-wrap elementor-element-populated\">\n\t\t\t\t\t\t<div class=\"elementor-element elementor-element-ac57b35 elementor-widget elementor-widget-heading\" data-id=\"ac57b35\" data-element_type=\"widget\" data-widget_type=\"heading.default\">\n\t\t\t\t<div class=\"elementor-widget-container\">\n\t\t\t<h2 class=\"elementor-heading-title elementor-size-default\">Kontaktieren Sie uns<\/h2>\t\t<\/div>\n\t\t\t\t<\/div>\n\t\t\t\t<div class=\"elementor-element elementor-element-8976dc8 elementor-widget elementor-widget-text-editor\" data-id=\"8976dc8\" data-element_type=\"widget\" data-widget_type=\"text-editor.default\">\n\t\t\t\t<div class=\"elementor-widget-container\">\n\t\t\t\t\t\t\t<p>Haben Sie noch Fragen oder w\u00fcnschen Sie eine Beratung? Wir stehen Ihnen gerne zur Seite.&nbsp;<\/p>\t\t\t\t\t\t<\/div>\n\t\t\t\t<\/div>\n\t\t\t\t<div class=\"elementor-element elementor-element-f08c07a elementor-widget elementor-widget-tp-button\" data-id=\"f08c07a\" data-element_type=\"widget\" data-widget_type=\"tp-button.default\">\n\t\t\t\t<div class=\"elementor-widget-container\">\n\t\t\t<div class=\"pt-plus-button-wrapper   text- text--mobileleft   \"><div class=\"button_parallax   \" ><div id=\"button6a04d112dfca1\"  class=\" text- text--mobileleft ts-button content_hover_effect   \" ><div class=\"pt_plus_button btn6a04d112dfc9e button-style-5   \"  ><div class=\"animted-content-inner \"><a href=\"https:\/\/www.jfa.swiss\/kontakt\/\" class=\"button-link-wrap\" role=\"button\" data-hover=\"Kontaktiere uns\"  >Kontaktiere uns<i class=\"btn-icon button-after fa fa-chevron-right\"><\/i><\/a><\/div><\/div><\/div><\/div><\/div>\t\t<\/div>\n\t\t\t\t<\/div>\n\t\t\t\t\t<\/div>\n\t\t<\/div>\n\t\t\t\t\t<\/div>\n\t\t<\/section>\n\t\t\t\t<\/div>\n\t\t","protected":false},"excerpt":{"rendered":"<p>\u00dcbersetzungen \u00dcbersetzungen Die deutsche Sprache ist zweifellos eine der gr\u00f6ssten H\u00fcrden f\u00fcr die meisten unserer Landsleute, &nbsp;wenn sie mit diversen Situationen konfrontiert werden, sei es im rechtlichen Bereich oder in einem anderen. Die JFA Azevedo AG hilft, diese H\u00fcrde zu \u00fcberwinden. &nbsp;Unser Unternehmen verf\u00fcgt \u00fcber Dolmetscher, die von den Beh\u00f6rden in der Schweiz anerkannt sind. [&hellip;]<\/p>\n","protected":false},"author":2,"featured_media":38370,"parent":28930,"menu_order":4,"comment_status":"closed","ping_status":"closed","template":"elementor_header_footer","meta":{"footnotes":""},"class_list":["post-28938","page","type-page","status-publish","has-post-thumbnail","hentry"],"yoast_head":"<!-- This site is optimized with the Yoast SEO plugin v23.2 - https:\/\/yoast.com\/wordpress\/plugins\/seo\/ -->\n<title>\u00dcbersetzungen - JFA Azevedo AG<\/title>\n<meta name=\"description\" content=\"Die deutsche Sprache ist zweifellos eine der gr\u00f6ssten H\u00fcrden f\u00fcr die meisten unserer Landsleute, wenn sie mit diversen Situationen...\" \/>\n<meta name=\"robots\" content=\"index, follow, max-snippet:-1, max-image-preview:large, max-video-preview:-1\" \/>\n<link rel=\"canonical\" href=\"https:\/\/www.jfa.swiss\/de\/dienstleistungen\/ubersetzungen\/\" \/>\n<meta property=\"og:locale\" content=\"de_DE\" \/>\n<meta property=\"og:type\" content=\"article\" \/>\n<meta property=\"og:title\" content=\"\u00dcbersetzungen - JFA Azevedo AG\" \/>\n<meta property=\"og:description\" content=\"Die deutsche Sprache ist zweifellos eine der gr\u00f6ssten H\u00fcrden f\u00fcr die meisten unserer Landsleute, wenn sie mit diversen Situationen...\" \/>\n<meta property=\"og:url\" content=\"https:\/\/www.jfa.swiss\/de\/dienstleistungen\/ubersetzungen\/\" \/>\n<meta property=\"og:site_name\" content=\"JFA Azevedo AG\" \/>\n<meta property=\"article:modified_time\" content=\"2023-03-15T12:14:40+00:00\" \/>\n<meta property=\"og:image\" content=\"https:\/\/www.jfa.swiss\/wp-content\/uploads\/2022\/04\/Zeichenflache-JFA-Azevedo-AG-1024x1024-1.jpg\" \/>\n\t<meta property=\"og:image:width\" content=\"1024\" \/>\n\t<meta property=\"og:image:height\" content=\"1024\" \/>\n\t<meta property=\"og:image:type\" content=\"image\/jpeg\" \/>\n<meta name=\"twitter:card\" content=\"summary_large_image\" \/>\n<meta name=\"twitter:label1\" content=\"Gesch\u00e4tzte Lesezeit\" \/>\n\t<meta name=\"twitter:data1\" content=\"1 Minute\" \/>\n<script type=\"application\/ld+json\" class=\"yoast-schema-graph\">{\"@context\":\"https:\/\/schema.org\",\"@graph\":[{\"@type\":\"WebPage\",\"@id\":\"https:\/\/www.jfa.swiss\/de\/dienstleistungen\/ubersetzungen\/\",\"url\":\"https:\/\/www.jfa.swiss\/de\/dienstleistungen\/ubersetzungen\/\",\"name\":\"\u00dcbersetzungen - JFA Azevedo AG\",\"isPartOf\":{\"@id\":\"https:\/\/www.jfa.swiss\/de\/#website\"},\"primaryImageOfPage\":{\"@id\":\"https:\/\/www.jfa.swiss\/de\/dienstleistungen\/ubersetzungen\/#primaryimage\"},\"image\":{\"@id\":\"https:\/\/www.jfa.swiss\/de\/dienstleistungen\/ubersetzungen\/#primaryimage\"},\"thumbnailUrl\":\"https:\/\/www.jfa.swiss\/wp-content\/uploads\/2022\/04\/Zeichenflache-JFA-Azevedo-AG-1024x1024-1.jpg\",\"datePublished\":\"2022-01-05T09:28:02+00:00\",\"dateModified\":\"2023-03-15T12:14:40+00:00\",\"description\":\"Die deutsche Sprache ist zweifellos eine der gr\u00f6ssten H\u00fcrden f\u00fcr die meisten unserer Landsleute, wenn sie mit diversen Situationen...\",\"breadcrumb\":{\"@id\":\"https:\/\/www.jfa.swiss\/de\/dienstleistungen\/ubersetzungen\/#breadcrumb\"},\"inLanguage\":\"de-CH\",\"potentialAction\":[{\"@type\":\"ReadAction\",\"target\":[\"https:\/\/www.jfa.swiss\/de\/dienstleistungen\/ubersetzungen\/\"]}]},{\"@type\":\"ImageObject\",\"inLanguage\":\"de-CH\",\"@id\":\"https:\/\/www.jfa.swiss\/de\/dienstleistungen\/ubersetzungen\/#primaryimage\",\"url\":\"https:\/\/www.jfa.swiss\/wp-content\/uploads\/2022\/04\/Zeichenflache-JFA-Azevedo-AG-1024x1024-1.jpg\",\"contentUrl\":\"https:\/\/www.jfa.swiss\/wp-content\/uploads\/2022\/04\/Zeichenflache-JFA-Azevedo-AG-1024x1024-1.jpg\",\"width\":1024,\"height\":1024},{\"@type\":\"BreadcrumbList\",\"@id\":\"https:\/\/www.jfa.swiss\/de\/dienstleistungen\/ubersetzungen\/#breadcrumb\",\"itemListElement\":[{\"@type\":\"ListItem\",\"position\":1,\"name\":\"Home\",\"item\":\"https:\/\/www.jfa.swiss\/\"},{\"@type\":\"ListItem\",\"position\":2,\"name\":\"Dienstleistungen\",\"item\":\"https:\/\/www.jfa.swiss\/de\/dienstleistungen\/\"},{\"@type\":\"ListItem\",\"position\":3,\"name\":\"\u00dcbersetzungen\"}]},{\"@type\":\"WebSite\",\"@id\":\"https:\/\/www.jfa.swiss\/de\/#website\",\"url\":\"https:\/\/www.jfa.swiss\/de\/\",\"name\":\"JFA Azevedo AG\",\"description\":\"\",\"inLanguage\":\"de-CH\"}]}<\/script>\n<!-- \/ Yoast SEO plugin. -->","yoast_head_json":{"title":"\u00dcbersetzungen - JFA Azevedo AG","description":"Die deutsche Sprache ist zweifellos eine der gr\u00f6ssten H\u00fcrden f\u00fcr die meisten unserer Landsleute, wenn sie mit diversen Situationen...","robots":{"index":"index","follow":"follow","max-snippet":"max-snippet:-1","max-image-preview":"max-image-preview:large","max-video-preview":"max-video-preview:-1"},"canonical":"https:\/\/www.jfa.swiss\/de\/dienstleistungen\/ubersetzungen\/","og_locale":"de_DE","og_type":"article","og_title":"\u00dcbersetzungen - JFA Azevedo AG","og_description":"Die deutsche Sprache ist zweifellos eine der gr\u00f6ssten H\u00fcrden f\u00fcr die meisten unserer Landsleute, wenn sie mit diversen Situationen...","og_url":"https:\/\/www.jfa.swiss\/de\/dienstleistungen\/ubersetzungen\/","og_site_name":"JFA Azevedo AG","article_modified_time":"2023-03-15T12:14:40+00:00","og_image":[{"width":1024,"height":1024,"url":"https:\/\/www.jfa.swiss\/wp-content\/uploads\/2022\/04\/Zeichenflache-JFA-Azevedo-AG-1024x1024-1.jpg","type":"image\/jpeg"}],"twitter_card":"summary_large_image","twitter_misc":{"Gesch\u00e4tzte Lesezeit":"1 Minute"},"schema":{"@context":"https:\/\/schema.org","@graph":[{"@type":"WebPage","@id":"https:\/\/www.jfa.swiss\/de\/dienstleistungen\/ubersetzungen\/","url":"https:\/\/www.jfa.swiss\/de\/dienstleistungen\/ubersetzungen\/","name":"\u00dcbersetzungen - JFA Azevedo AG","isPartOf":{"@id":"https:\/\/www.jfa.swiss\/de\/#website"},"primaryImageOfPage":{"@id":"https:\/\/www.jfa.swiss\/de\/dienstleistungen\/ubersetzungen\/#primaryimage"},"image":{"@id":"https:\/\/www.jfa.swiss\/de\/dienstleistungen\/ubersetzungen\/#primaryimage"},"thumbnailUrl":"https:\/\/www.jfa.swiss\/wp-content\/uploads\/2022\/04\/Zeichenflache-JFA-Azevedo-AG-1024x1024-1.jpg","datePublished":"2022-01-05T09:28:02+00:00","dateModified":"2023-03-15T12:14:40+00:00","description":"Die deutsche Sprache ist zweifellos eine der gr\u00f6ssten H\u00fcrden f\u00fcr die meisten unserer Landsleute, wenn sie mit diversen Situationen...","breadcrumb":{"@id":"https:\/\/www.jfa.swiss\/de\/dienstleistungen\/ubersetzungen\/#breadcrumb"},"inLanguage":"de-CH","potentialAction":[{"@type":"ReadAction","target":["https:\/\/www.jfa.swiss\/de\/dienstleistungen\/ubersetzungen\/"]}]},{"@type":"ImageObject","inLanguage":"de-CH","@id":"https:\/\/www.jfa.swiss\/de\/dienstleistungen\/ubersetzungen\/#primaryimage","url":"https:\/\/www.jfa.swiss\/wp-content\/uploads\/2022\/04\/Zeichenflache-JFA-Azevedo-AG-1024x1024-1.jpg","contentUrl":"https:\/\/www.jfa.swiss\/wp-content\/uploads\/2022\/04\/Zeichenflache-JFA-Azevedo-AG-1024x1024-1.jpg","width":1024,"height":1024},{"@type":"BreadcrumbList","@id":"https:\/\/www.jfa.swiss\/de\/dienstleistungen\/ubersetzungen\/#breadcrumb","itemListElement":[{"@type":"ListItem","position":1,"name":"Home","item":"https:\/\/www.jfa.swiss\/"},{"@type":"ListItem","position":2,"name":"Dienstleistungen","item":"https:\/\/www.jfa.swiss\/de\/dienstleistungen\/"},{"@type":"ListItem","position":3,"name":"\u00dcbersetzungen"}]},{"@type":"WebSite","@id":"https:\/\/www.jfa.swiss\/de\/#website","url":"https:\/\/www.jfa.swiss\/de\/","name":"JFA Azevedo AG","description":"","inLanguage":"de-CH"}]}},"_links":{"self":[{"href":"https:\/\/www.jfa.swiss\/de\/wp-json\/wp\/v2\/pages\/28938"}],"collection":[{"href":"https:\/\/www.jfa.swiss\/de\/wp-json\/wp\/v2\/pages"}],"about":[{"href":"https:\/\/www.jfa.swiss\/de\/wp-json\/wp\/v2\/types\/page"}],"author":[{"embeddable":true,"href":"https:\/\/www.jfa.swiss\/de\/wp-json\/wp\/v2\/users\/2"}],"replies":[{"embeddable":true,"href":"https:\/\/www.jfa.swiss\/de\/wp-json\/wp\/v2\/comments?post=28938"}],"version-history":[{"count":369,"href":"https:\/\/www.jfa.swiss\/de\/wp-json\/wp\/v2\/pages\/28938\/revisions"}],"predecessor-version":[{"id":38695,"href":"https:\/\/www.jfa.swiss\/de\/wp-json\/wp\/v2\/pages\/28938\/revisions\/38695"}],"up":[{"embeddable":true,"href":"https:\/\/www.jfa.swiss\/de\/wp-json\/wp\/v2\/pages\/28930"}],"wp:featuredmedia":[{"embeddable":true,"href":"https:\/\/www.jfa.swiss\/de\/wp-json\/wp\/v2\/media\/38370"}],"wp:attachment":[{"href":"https:\/\/www.jfa.swiss\/de\/wp-json\/wp\/v2\/media?parent=28938"}],"curies":[{"name":"wp","href":"https:\/\/api.w.org\/{rel}","templated":true}]}}