{"id":28873,"date":"2020-10-14T14:47:37","date_gmt":"2020-10-14T12:47:37","guid":{"rendered":"https:\/\/webprojekt718.brentex-webprojekt.ch\/?page_id=28873"},"modified":"2023-03-15T13:19:55","modified_gmt":"2023-03-15T12:19:55","slug":"datenschutz","status":"publish","type":"page","link":"https:\/\/www.jfa.swiss\/de\/datenschutz\/","title":{"rendered":"Datenschutz"},"content":{"rendered":"\t\t<div data-elementor-type=\"wp-page\" data-elementor-id=\"28873\" class=\"elementor elementor-28873\" data-elementor-post-type=\"page\">\n\t\t\t\t\t\t<section class=\"elementor-section elementor-top-section elementor-element elementor-element-61443cc elementor-section-boxed elementor-section-height-default elementor-section-height-default\" data-id=\"61443cc\" data-element_type=\"section\" data-settings=\"{&quot;_ha_eqh_enable&quot;:false}\">\n\t\t\t\t\t\t<div class=\"elementor-container elementor-column-gap-default\">\n\t\t\t\t\t<div class=\"elementor-column elementor-col-100 elementor-top-column elementor-element elementor-element-cb38ee0\" data-id=\"cb38ee0\" data-element_type=\"column\">\n\t\t\t<div class=\"elementor-widget-wrap elementor-element-populated\">\n\t\t\t\t\t\t<div class=\"elementor-element elementor-element-5978e5e elementor-widget elementor-widget-heading\" data-id=\"5978e5e\" data-element_type=\"widget\" data-widget_type=\"heading.default\">\n\t\t\t\t<div class=\"elementor-widget-container\">\n\t\t\t<h1 class=\"elementor-heading-title elementor-size-default\">Datenschutz<\/h1>\t\t<\/div>\n\t\t\t\t<\/div>\n\t\t\t\t<div class=\"elementor-element elementor-element-07fba52 elementor-widget elementor-widget-heading\" data-id=\"07fba52\" data-element_type=\"widget\" data-widget_type=\"heading.default\">\n\t\t\t\t<div class=\"elementor-widget-container\">\n\t\t\t<h3 class=\"elementor-heading-title elementor-size-default\">Allgemeine Informationen<\/h3>\t\t<\/div>\n\t\t\t\t<\/div>\n\t\t\t\t<div class=\"elementor-element elementor-element-83d23db elementor-widget elementor-widget-text-editor\" data-id=\"83d23db\" data-element_type=\"widget\" data-widget_type=\"text-editor.default\">\n\t\t\t\t<div class=\"elementor-widget-container\">\n\t\t\t\t\t\t\t<p>Uns ist der Schutz Ihrer Daten ein grosses Anliegen. Daher behandeln wir Ihre\u00a0Daten, welche Sie uns freiwillig \u00fcber unser Kontaktformular senden, vertraulich.\u00a0Ihre Daten werden nur im Sinne Ihrer Anfrage genutzt und nicht an Dritte\u00a0weitergegeben. Sollten Sie Auskunft, Sperrung oder L\u00f6schung \u00fcber Ihre Daten\u00a0bei uns verlangen, werden wir dem, falls gesetzlich erlaubt, nachkommen.<\/p>\t\t\t\t\t\t<\/div>\n\t\t\t\t<\/div>\n\t\t\t\t<div class=\"elementor-element elementor-element-ccbba03 elementor-widget elementor-widget-heading\" data-id=\"ccbba03\" data-element_type=\"widget\" data-widget_type=\"heading.default\">\n\t\t\t\t<div class=\"elementor-widget-container\">\n\t\t\t<h3 class=\"elementor-heading-title elementor-size-default\">Cookies<\/h3>\t\t<\/div>\n\t\t\t\t<\/div>\n\t\t\t\t<div class=\"elementor-element elementor-element-cb85ba0 elementor-widget elementor-widget-text-editor\" data-id=\"cb85ba0\" data-element_type=\"widget\" data-widget_type=\"text-editor.default\">\n\t\t\t\t<div class=\"elementor-widget-container\">\n\t\t\t\t\t\t\t<p>Unsere Seite benutzt sogenannte Cookies. Cookies sind kleine Dateien, welche\u00a0auf Ihrem Datentr\u00e4ger gespeichert werden und Ihren Besuch auf unserer Seite\u00a0effizienter gestalten. Cookies sind nicht sch\u00e4dlich f\u00fcr Ihren Datentr\u00e4ger.<\/p><p>Die meisten Cookies, sogenannte Session-Cookies, werden automatisch am Ende\u00a0Ihres Besuches auf unserer Seite gel\u00f6scht. Deren Sinn ist es, dass Sie nicht\u00a0dieselben Eingaben wiederholen m\u00fcssen. Andere Cookies werden zwar nicht\u00a0automatisch gel\u00f6scht, k\u00f6nnen aber von Ihnen selbst gel\u00f6scht werden. Deren\u00a0Sinn ist es, dass wir Sie bei Ihrem n\u00e4chsten Besuch auf unserer Seite wieder\u00a0erkennen. Sie k\u00f6nnen selbstverst\u00e4ndlich Cookies auch generell deaktivieren.<\/p>\t\t\t\t\t\t<\/div>\n\t\t\t\t<\/div>\n\t\t\t\t<div class=\"elementor-element elementor-element-587ae9e elementor-widget elementor-widget-heading\" data-id=\"587ae9e\" data-element_type=\"widget\" data-widget_type=\"heading.default\">\n\t\t\t\t<div class=\"elementor-widget-container\">\n\t\t\t<h3 class=\"elementor-heading-title elementor-size-default\">Google Analytics<\/h3>\t\t<\/div>\n\t\t\t\t<\/div>\n\t\t\t\t<div class=\"elementor-element elementor-element-7f8e80c elementor-widget elementor-widget-text-editor\" data-id=\"7f8e80c\" data-element_type=\"widget\" data-widget_type=\"text-editor.default\">\n\t\t\t\t<div class=\"elementor-widget-container\">\n\t\t\t\t\t\t\t<p>Unser Webseite nutzt \u00abGoogle Analytics\u00bb, ein von Google Inc. angebotener Dienst zur Analyse der Website Benutzung. Durch Cookies werden Informationen von Ihrem Ger\u00e4t an einen Google Server in den USA gesendet, ausgewertet und gespeichert. Es ist dabei m\u00f6glich, dass Google diese Informationen an Dritte \u00fcbertr\u00e4gt.<\/p><p>Sollten Sie mehr Informationen bez\u00fcglich der Datenerhebung durch Google Analytics w\u00fcnschen, k\u00f6nnen Sie gerne diesem Link folgen:<br \/><strong><span style=\"color: #000000;\"><a style=\"color: #000000;\" href=\"https:\/\/support.google.com\/analytics\/answer\/6004245?hl=de\" target=\"_blank\" rel=\"noopener\">Hier Klicken<\/a><\/span><\/strong><\/p><p>Indem Sie folgendes Plugin installieren, k\u00f6nne Sie das Erfassen und Speichern\u00a0Ihrer Daten durch Cookies und das Senden dieser Daten an Google verhindern:<br \/><strong><span style=\"color: #000000;\"><a style=\"color: #000000;\" href=\"https:\/\/tools.google.com\/dlpage\/gaoptout?hl=de.\" target=\"_blank\" rel=\"noopener\">Hier Klicken<\/a><\/span><\/strong><\/p>\t\t\t\t\t\t<\/div>\n\t\t\t\t<\/div>\n\t\t\t\t<div class=\"elementor-element elementor-element-a03ae70 elementor-widget elementor-widget-heading\" data-id=\"a03ae70\" data-element_type=\"widget\" data-widget_type=\"heading.default\">\n\t\t\t\t<div class=\"elementor-widget-container\">\n\t\t\t<h3 class=\"elementor-heading-title elementor-size-default\">Facebook pixel<\/h3>\t\t<\/div>\n\t\t\t\t<\/div>\n\t\t\t\t<div class=\"elementor-element elementor-element-52bba0f elementor-widget elementor-widget-text-editor\" data-id=\"52bba0f\" data-element_type=\"widget\" data-widget_type=\"text-editor.default\">\n\t\t\t\t<div class=\"elementor-widget-container\">\n\t\t\t\t\t\t\t<p>Diese Website verwendet \u00abFacebook Pixel\u201d, ein Code, welcher herausgegeben\u00a0wurde durch die Social Media Plattform \u00abFacebook\u00bb\u00a0(Firma Facebook Ireland Ltd., 4 Grand Canal Square, Grand Canal Harbour, Dublin 2 Ireland) zum Zweck\u00a0einer effizienteren Gestaltung von Werbekampagnen.<\/p><p>Der auf dieser Website implementierte Code wertet mithilfe von Cookies das\u00a0Verhalten der Besucher auf unserer Website aus, welche durch eine Facebook-\u00a0Werbung hierhin gelandet sind. Die gesammelten Daten werden durch Facebook\u00a0gespeichert, sind jedoch von uns nicht einsehbar und k\u00f6nnen nur im Rahmen\u00a0der Werbeanzeigenschaltung auf Facebook selbst genutzt werden.<\/p><p>Erfahren Sie, wie Facebook-Pixel f\u00fcr Werbekampagnen genutzt wird:<br \/><strong><span style=\"color: #000000;\"><a style=\"color: #000000;\" href=\"https:\/\/www.facebook.com\/business\/learn\/facebook-ads-pixel\" target=\"_blank\" rel=\"noopener\">Hier Klicken<\/a><\/span><\/strong><\/p><p>\u00c4ndern Sie Ihre Einstellungen f\u00fcr Werbeanzeigen in Facebook (sofern Sie auf\u00a0Facebook ein Konto haben und angemeldet sind):<br \/><strong><span style=\"color: #000000;\"><a style=\"color: #000000;\" href=\"https:\/\/www.facebook.com\/login.php?next=https%3A%2F%2Fwww.facebook.com%2Fads%2Fpreferences%2F%3Fentry_product%3Dad_settings_screen\" target=\"_blank\" rel=\"noopener\">Hier Klicken<\/a><\/span><\/strong><\/p><p>Mehr Informationen zur Datenrichtlinie von Facebook:<br \/><strong><span style=\"color: #000000;\"><a style=\"color: #000000;\" href=\"https:\/\/www.facebook.com\/policy.php\" target=\"_blank\" rel=\"noopener\">Hier Klicken<\/a><\/span><\/strong><\/p>\t\t\t\t\t\t<\/div>\n\t\t\t\t<\/div>\n\t\t\t\t<div class=\"elementor-element elementor-element-c1df73a elementor-widget elementor-widget-heading\" data-id=\"c1df73a\" data-element_type=\"widget\" data-widget_type=\"heading.default\">\n\t\t\t\t<div class=\"elementor-widget-container\">\n\t\t\t<h3 class=\"elementor-heading-title elementor-size-default\">Google Maps<\/h3>\t\t<\/div>\n\t\t\t\t<\/div>\n\t\t\t\t<div class=\"elementor-element elementor-element-ae877b4 elementor-widget elementor-widget-text-editor\" data-id=\"ae877b4\" data-element_type=\"widget\" data-widget_type=\"text-editor.default\">\n\t\t\t\t<div class=\"elementor-widget-container\">\n\t\t\t\t\t\t\t<p>Wir verwenden \u00ab Google Maps\u00bb von \u00abGoogle Inc\u00bb auf unserer Website.<\/p><p>Sollten Sie unsere Website nutzen, so erkl\u00e4ren Sie sich mit der Erfassung,\u00a0Bearbeitung und Nutzung der automatisiert erhobenen Daten durch Google Inc.,\u00a0deren Vertreter, sowie Dritter einverstanden.<\/p><p>Hier finden Sie die Nutzungsbedingungen von Google Maps:<br \/><strong><span style=\"color: #000000;\"><a style=\"color: #000000;\" href=\"https:\/\/www.google.com\/intl\/de_de\/help\/terms_maps\/\" target=\"_blank\" rel=\"noopener\">Hier Klicken<\/a><\/span><\/strong><\/p>\t\t\t\t\t\t<\/div>\n\t\t\t\t<\/div>\n\t\t\t\t<div class=\"elementor-element elementor-element-f8fafab elementor-widget elementor-widget-heading\" data-id=\"f8fafab\" data-element_type=\"widget\" data-widget_type=\"heading.default\">\n\t\t\t\t<div class=\"elementor-widget-container\">\n\t\t\t<h3 class=\"elementor-heading-title elementor-size-default\">Server Log Files<\/h3>\t\t<\/div>\n\t\t\t\t<\/div>\n\t\t\t\t<div class=\"elementor-element elementor-element-a3332e6 elementor-widget elementor-widget-text-editor\" data-id=\"a3332e6\" data-element_type=\"widget\" data-widget_type=\"text-editor.default\">\n\t\t\t\t<div class=\"elementor-widget-container\">\n\t\t\t\t\t\t\t<p>Ihr Browser \u00fcbermittelt automatisch Informationen allgemeiner Natur (Server-Log Files) an uns. Solche Informationen w\u00e4ren beispielsweise:<\/p><ul><li>Browsertyp und Version<\/li><li>Referrer URL<\/li><li>Betriebssystem<\/li><li>Zeitpunkt der Anfrage\u00a0<\/li><li>IP-Adresse<\/li><\/ul><p>Wir verwenden dabei Ihre Daten nicht, um R\u00fcckschl\u00fcsse auf Sie zu ziehen.\u00a0Vielmehr liegt der Sinn der Server Log Files in der Optimierung unserer Webseite.<\/p>\t\t\t\t\t\t<\/div>\n\t\t\t\t<\/div>\n\t\t\t\t<div class=\"elementor-element elementor-element-1bbaf1d elementor-widget elementor-widget-heading\" data-id=\"1bbaf1d\" data-element_type=\"widget\" data-widget_type=\"heading.default\">\n\t\t\t\t<div class=\"elementor-widget-container\">\n\t\t\t<h3 class=\"elementor-heading-title elementor-size-default\">Kontaktieren Sie uns<\/h3>\t\t<\/div>\n\t\t\t\t<\/div>\n\t\t\t\t<div class=\"elementor-element elementor-element-e9c6fa0 elementor-widget elementor-widget-text-editor\" data-id=\"e9c6fa0\" data-element_type=\"widget\" data-widget_type=\"text-editor.default\">\n\t\t\t\t<div class=\"elementor-widget-container\">\n\t\t\t\t\t\t\t<p>Sollten Sie noch Fragen haben oder w\u00fcnschen Sie Auskunft, Sperrung oder\u00a0L\u00f6schung Ihrer Daten, so k\u00f6nnen Sie sich an die im Impressum genannte<br \/>Adresse wenden.<\/p>\t\t\t\t\t\t<\/div>\n\t\t\t\t<\/div>\n\t\t\t\t\t<\/div>\n\t\t<\/div>\n\t\t\t\t\t<\/div>\n\t\t<\/section>\n\t\t\t\t<\/div>\n\t\t","protected":false},"excerpt":{"rendered":"<p>Datenschutz Allgemeine Informationen Uns ist der Schutz Ihrer Daten ein grosses Anliegen. Daher behandeln wir Ihre&nbsp;Daten, welche Sie uns freiwillig \u00fcber unser Kontaktformular senden, vertraulich.&nbsp;Ihre Daten werden nur im Sinne Ihrer Anfrage genutzt und nicht an Dritte&nbsp;weitergegeben. Sollten Sie Auskunft, Sperrung oder L\u00f6schung \u00fcber Ihre Daten&nbsp;bei uns verlangen, werden wir dem, falls gesetzlich erlaubt, nachkommen. [&hellip;]<\/p>\n","protected":false},"author":2,"featured_media":38370,"parent":0,"menu_order":6,"comment_status":"closed","ping_status":"closed","template":"elementor_header_footer","meta":{"footnotes":""},"class_list":["post-28873","page","type-page","status-publish","has-post-thumbnail","hentry"],"yoast_head":"<!-- This site is optimized with the Yoast SEO plugin v23.2 - https:\/\/yoast.com\/wordpress\/plugins\/seo\/ -->\n<title>Datenschutz - JFA Azevedo AG<\/title>\n<meta name=\"description\" content=\"Uns ist der Schutz Ihrer Daten ein grosses Anliegen. Daher behandeln wir Ihre Daten, welche Sie uns freiwillig \u00fcber unser Kontaktformular...\" \/>\n<meta name=\"robots\" content=\"index, follow, max-snippet:-1, max-image-preview:large, max-video-preview:-1\" \/>\n<link rel=\"canonical\" href=\"https:\/\/www.jfa.swiss\/de\/datenschutz\/\" \/>\n<meta property=\"og:locale\" content=\"de_DE\" \/>\n<meta property=\"og:type\" content=\"article\" \/>\n<meta property=\"og:title\" content=\"Datenschutz - JFA Azevedo AG\" \/>\n<meta property=\"og:description\" content=\"Uns ist der Schutz Ihrer Daten ein grosses Anliegen. Daher behandeln wir Ihre Daten, welche Sie uns freiwillig \u00fcber unser Kontaktformular...\" \/>\n<meta property=\"og:url\" content=\"https:\/\/www.jfa.swiss\/de\/datenschutz\/\" \/>\n<meta property=\"og:site_name\" content=\"JFA Azevedo AG\" \/>\n<meta property=\"article:modified_time\" content=\"2023-03-15T12:19:55+00:00\" \/>\n<meta property=\"og:image\" content=\"https:\/\/www.jfa.swiss\/wp-content\/uploads\/2022\/04\/Zeichenflache-JFA-Azevedo-AG-1024x1024-1.jpg\" \/>\n\t<meta property=\"og:image:width\" content=\"1024\" \/>\n\t<meta property=\"og:image:height\" content=\"1024\" \/>\n\t<meta property=\"og:image:type\" content=\"image\/jpeg\" \/>\n<meta name=\"twitter:card\" content=\"summary_large_image\" \/>\n<meta name=\"twitter:label1\" content=\"Gesch\u00e4tzte Lesezeit\" \/>\n\t<meta name=\"twitter:data1\" content=\"3 Minuten\" \/>\n<script type=\"application\/ld+json\" class=\"yoast-schema-graph\">{\"@context\":\"https:\/\/schema.org\",\"@graph\":[{\"@type\":\"WebPage\",\"@id\":\"https:\/\/www.jfa.swiss\/de\/datenschutz\/\",\"url\":\"https:\/\/www.jfa.swiss\/de\/datenschutz\/\",\"name\":\"Datenschutz - JFA Azevedo AG\",\"isPartOf\":{\"@id\":\"https:\/\/www.jfa.swiss\/de\/#website\"},\"primaryImageOfPage\":{\"@id\":\"https:\/\/www.jfa.swiss\/de\/datenschutz\/#primaryimage\"},\"image\":{\"@id\":\"https:\/\/www.jfa.swiss\/de\/datenschutz\/#primaryimage\"},\"thumbnailUrl\":\"https:\/\/www.jfa.swiss\/wp-content\/uploads\/2022\/04\/Zeichenflache-JFA-Azevedo-AG-1024x1024-1.jpg\",\"datePublished\":\"2020-10-14T12:47:37+00:00\",\"dateModified\":\"2023-03-15T12:19:55+00:00\",\"description\":\"Uns ist der Schutz Ihrer Daten ein grosses Anliegen. Daher behandeln wir Ihre Daten, welche Sie uns freiwillig \u00fcber unser Kontaktformular...\",\"breadcrumb\":{\"@id\":\"https:\/\/www.jfa.swiss\/de\/datenschutz\/#breadcrumb\"},\"inLanguage\":\"de-CH\",\"potentialAction\":[{\"@type\":\"ReadAction\",\"target\":[\"https:\/\/www.jfa.swiss\/de\/datenschutz\/\"]}]},{\"@type\":\"ImageObject\",\"inLanguage\":\"de-CH\",\"@id\":\"https:\/\/www.jfa.swiss\/de\/datenschutz\/#primaryimage\",\"url\":\"https:\/\/www.jfa.swiss\/wp-content\/uploads\/2022\/04\/Zeichenflache-JFA-Azevedo-AG-1024x1024-1.jpg\",\"contentUrl\":\"https:\/\/www.jfa.swiss\/wp-content\/uploads\/2022\/04\/Zeichenflache-JFA-Azevedo-AG-1024x1024-1.jpg\",\"width\":1024,\"height\":1024},{\"@type\":\"BreadcrumbList\",\"@id\":\"https:\/\/www.jfa.swiss\/de\/datenschutz\/#breadcrumb\",\"itemListElement\":[{\"@type\":\"ListItem\",\"position\":1,\"name\":\"Home\",\"item\":\"https:\/\/www.jfa.swiss\/\"},{\"@type\":\"ListItem\",\"position\":2,\"name\":\"Datenschutz\"}]},{\"@type\":\"WebSite\",\"@id\":\"https:\/\/www.jfa.swiss\/de\/#website\",\"url\":\"https:\/\/www.jfa.swiss\/de\/\",\"name\":\"JFA Azevedo AG\",\"description\":\"\",\"inLanguage\":\"de-CH\"}]}<\/script>\n<!-- \/ Yoast SEO plugin. -->","yoast_head_json":{"title":"Datenschutz - JFA Azevedo AG","description":"Uns ist der Schutz Ihrer Daten ein grosses Anliegen. Daher behandeln wir Ihre Daten, welche Sie uns freiwillig \u00fcber unser Kontaktformular...","robots":{"index":"index","follow":"follow","max-snippet":"max-snippet:-1","max-image-preview":"max-image-preview:large","max-video-preview":"max-video-preview:-1"},"canonical":"https:\/\/www.jfa.swiss\/de\/datenschutz\/","og_locale":"de_DE","og_type":"article","og_title":"Datenschutz - JFA Azevedo AG","og_description":"Uns ist der Schutz Ihrer Daten ein grosses Anliegen. Daher behandeln wir Ihre Daten, welche Sie uns freiwillig \u00fcber unser Kontaktformular...","og_url":"https:\/\/www.jfa.swiss\/de\/datenschutz\/","og_site_name":"JFA Azevedo AG","article_modified_time":"2023-03-15T12:19:55+00:00","og_image":[{"width":1024,"height":1024,"url":"https:\/\/www.jfa.swiss\/wp-content\/uploads\/2022\/04\/Zeichenflache-JFA-Azevedo-AG-1024x1024-1.jpg","type":"image\/jpeg"}],"twitter_card":"summary_large_image","twitter_misc":{"Gesch\u00e4tzte Lesezeit":"3 Minuten"},"schema":{"@context":"https:\/\/schema.org","@graph":[{"@type":"WebPage","@id":"https:\/\/www.jfa.swiss\/de\/datenschutz\/","url":"https:\/\/www.jfa.swiss\/de\/datenschutz\/","name":"Datenschutz - JFA Azevedo AG","isPartOf":{"@id":"https:\/\/www.jfa.swiss\/de\/#website"},"primaryImageOfPage":{"@id":"https:\/\/www.jfa.swiss\/de\/datenschutz\/#primaryimage"},"image":{"@id":"https:\/\/www.jfa.swiss\/de\/datenschutz\/#primaryimage"},"thumbnailUrl":"https:\/\/www.jfa.swiss\/wp-content\/uploads\/2022\/04\/Zeichenflache-JFA-Azevedo-AG-1024x1024-1.jpg","datePublished":"2020-10-14T12:47:37+00:00","dateModified":"2023-03-15T12:19:55+00:00","description":"Uns ist der Schutz Ihrer Daten ein grosses Anliegen. Daher behandeln wir Ihre Daten, welche Sie uns freiwillig \u00fcber unser Kontaktformular...","breadcrumb":{"@id":"https:\/\/www.jfa.swiss\/de\/datenschutz\/#breadcrumb"},"inLanguage":"de-CH","potentialAction":[{"@type":"ReadAction","target":["https:\/\/www.jfa.swiss\/de\/datenschutz\/"]}]},{"@type":"ImageObject","inLanguage":"de-CH","@id":"https:\/\/www.jfa.swiss\/de\/datenschutz\/#primaryimage","url":"https:\/\/www.jfa.swiss\/wp-content\/uploads\/2022\/04\/Zeichenflache-JFA-Azevedo-AG-1024x1024-1.jpg","contentUrl":"https:\/\/www.jfa.swiss\/wp-content\/uploads\/2022\/04\/Zeichenflache-JFA-Azevedo-AG-1024x1024-1.jpg","width":1024,"height":1024},{"@type":"BreadcrumbList","@id":"https:\/\/www.jfa.swiss\/de\/datenschutz\/#breadcrumb","itemListElement":[{"@type":"ListItem","position":1,"name":"Home","item":"https:\/\/www.jfa.swiss\/"},{"@type":"ListItem","position":2,"name":"Datenschutz"}]},{"@type":"WebSite","@id":"https:\/\/www.jfa.swiss\/de\/#website","url":"https:\/\/www.jfa.swiss\/de\/","name":"JFA Azevedo AG","description":"","inLanguage":"de-CH"}]}},"_links":{"self":[{"href":"https:\/\/www.jfa.swiss\/de\/wp-json\/wp\/v2\/pages\/28873"}],"collection":[{"href":"https:\/\/www.jfa.swiss\/de\/wp-json\/wp\/v2\/pages"}],"about":[{"href":"https:\/\/www.jfa.swiss\/de\/wp-json\/wp\/v2\/types\/page"}],"author":[{"embeddable":true,"href":"https:\/\/www.jfa.swiss\/de\/wp-json\/wp\/v2\/users\/2"}],"replies":[{"embeddable":true,"href":"https:\/\/www.jfa.swiss\/de\/wp-json\/wp\/v2\/comments?post=28873"}],"version-history":[{"count":57,"href":"https:\/\/www.jfa.swiss\/de\/wp-json\/wp\/v2\/pages\/28873\/revisions"}],"predecessor-version":[{"id":38384,"href":"https:\/\/www.jfa.swiss\/de\/wp-json\/wp\/v2\/pages\/28873\/revisions\/38384"}],"wp:featuredmedia":[{"embeddable":true,"href":"https:\/\/www.jfa.swiss\/de\/wp-json\/wp\/v2\/media\/38370"}],"wp:attachment":[{"href":"https:\/\/www.jfa.swiss\/de\/wp-json\/wp\/v2\/media?parent=28873"}],"curies":[{"name":"wp","href":"https:\/\/api.w.org\/{rel}","templated":true}]}}